{"id":2309,"date":"2017-10-13T11:57:09","date_gmt":"2017-10-13T09:57:09","guid":{"rendered":"https:\/\/delfingen.com\/nos-orientations-clients\/"},"modified":"2017-11-30T17:21:28","modified_gmt":"2017-11-30T16:21:28","slug":"unsere-kundenorientierung","status":"publish","type":"page","link":"https:\/\/delfingen.com\/de\/unsere-kundenorientierung\/","title":{"rendered":"Unsere Kundenorientierung"},"content":{"rendered":"<p class=\"normal\"><strong>In einer Zeit, in der Automobilprogramme global geworden sind, ist es DELFINGEN\u2019s Ziel durch seine Innovationskraft, seiner weltweiten Pr\u00e4senz und seiner operativen Leistung die anspruchsvollsten Kunden zufriedenzustellen.<\/strong><\/p>\n<h2>Innovation<\/h2>\n<p>Wenn es darum geht, die Erwartungen unserer Kunden zu antizipieren und zu erf\u00fcllen, setzen wir vor allem auf Innovation.<br \/>\nDELFINGEN entwickelt neue Technologien, Verfahren und Materialien f\u00fcr den Bau des Fahrzeugs von morgen &#8211; vernetzt, autonom, sicherer und schadstoff\u00e4rmer. Die Zusammenarbeit unserer Teams mit denen unserer Kunden und unser langfristiges Engagement sind Schl\u00fcsselfaktoren f\u00fcr den Erfolg.<\/p>\n<p>&nbsp;<\/p>\n<h2>Operative Exzellenz<\/h2>\n<p>Operative Exzellenz ist Teil unserer DNA.<\/p>\n<p>Dank unserer globalen Pr\u00e4senz, der Standardisierung unserer Anlagen und Prozesse, des Engagements der Mitarbeiter von DELFINGEN sind wir in der Lage, die Erwartungen unserer Kunden in Bezug auf Qualit\u00e4t, Kosten, Termintreue und Reaktionsf\u00e4higkeit zu erf\u00fcllen.<\/p>\n<p>Kontinuierliche Verbesserung steht im Mittelpunkt unserer Arbeit. Der Plan zur kontinuierlichen Verbesserung, der an allen Standorten nach den gleichen Verfahren umgesetzt wird, tr\u00e4gt zu Effizienz und Leistung bei.<\/p>\n<p>&nbsp;<\/p>\n<h2>Qualit\u00e4t<\/h2>\n<p class=\"normal\"><span lang=\"fr\">Bei DELFINGEN ist das Qualit\u00e4tsbewusstsein tief in der Unternehmenskultur verwurzelt und reicht weit \u00fcber Methoden und Werkzeuge hinaus.<br \/>\n<\/span><span lang=\"fr\">Die kontinuierliche Verbesserung von Prozessen, Methoden und Organisation tr\u00e4gt wesentlich zur Reduzierung von Qualit\u00e4tsvorf\u00e4llen bei. Der Erfahrungsschatz und das transversale Arbeiten unserer Abteilungen erm\u00f6glichen au\u00dferdem die Entwicklung von Best-in-Class-Practices.<\/span><\/p>\n<p>&nbsp;<\/p>\n","protected":false},"excerpt":{"rendered":"<p>In einer Zeit, in der Automobilprogramme global geworden sind, ist es DELFINGEN\u2019s Ziel durch seine Innovationskraft, seiner weltweiten Pr\u00e4senz und seiner operativen Leistung die anspruchsvollsten Kunden zufriedenzustellen. Innovation Wenn es darum geht, die Erwartungen unserer Kunden zu antizipieren und zu erf\u00fcllen, setzen wir vor allem auf Innovation. DELFINGEN entwickelt neue Technologien, Verfahren und Materialien f\u00fcr [&hellip;]<\/p>\n","protected":false},"author":2,"featured_media":3585,"parent":0,"menu_order":142,"comment_status":"closed","ping_status":"closed","template":"","meta":{"_acf_changed":false,"footnotes":""},"categorie-page":[132,135],"class_list":["post-2309","page","type-page","status-publish","has-post-thumbnail","hentry","categorie-page-le-groupe","categorie-page-nos-engagements"],"acf":[],"yoast_head":"<!-- This site is optimized with the Yoast SEO plugin v27.2 - https:\/\/yoast.com\/product\/yoast-seo-wordpress\/ -->\n<title>Unsere Kundenorientierung | DELFINGEN<\/title>\n<meta name=\"robots\" content=\"index, follow, max-snippet:-1, max-image-preview:large, max-video-preview:-1\" \/>\n<link rel=\"canonical\" href=\"https:\/\/delfingen.com\/en\/our-customer-focus\/\" \/>\n<meta property=\"og:locale\" content=\"de_DE\" \/>\n<meta property=\"og:type\" content=\"article\" \/>\n<meta property=\"og:title\" content=\"Unsere Kundenorientierung | DELFINGEN\" \/>\n<meta property=\"og:description\" content=\"In einer Zeit, in der Automobilprogramme global geworden sind, ist es DELFINGEN\u2019s Ziel durch seine Innovationskraft, seiner weltweiten Pr\u00e4senz und seiner operativen Leistung die anspruchsvollsten Kunden zufriedenzustellen. Innovation Wenn es darum geht, die Erwartungen unserer Kunden zu antizipieren und zu erf\u00fcllen, setzen wir vor allem auf Innovation. DELFINGEN entwickelt neue Technologien, Verfahren und Materialien f\u00fcr [&hellip;]\" \/>\n<meta property=\"og:url\" content=\"https:\/\/delfingen.com\/en\/our-customer-focus\/\" \/>\n<meta property=\"og:site_name\" content=\"DELFINGEN\" \/>\n<meta property=\"article:modified_time\" content=\"2017-11-30T16:21:28+00:00\" \/>\n<meta property=\"og:image\" content=\"https:\/\/delfingen.com\/medias\/2017\/10\/orientation-clients.jpg\" \/>\n\t<meta property=\"og:image:width\" content=\"1920\" \/>\n\t<meta property=\"og:image:height\" content=\"576\" \/>\n\t<meta property=\"og:image:type\" content=\"image\/jpeg\" \/>\n<meta name=\"twitter:card\" content=\"summary_large_image\" \/>\n<meta name=\"twitter:label1\" content=\"Gesch\u00e4tzte Lesezeit\" \/>\n\t<meta name=\"twitter:data1\" content=\"1 minute\" \/>\n<script type=\"application\/ld+json\" class=\"yoast-schema-graph\">{\"@context\":\"https:\/\/schema.org\",\"@graph\":[{\"@type\":\"WebPage\",\"@id\":\"https:\/\/delfingen.com\/en\/our-customer-focus\/\",\"url\":\"https:\/\/delfingen.com\/en\/our-customer-focus\/\",\"name\":\"Unsere Kundenorientierung | DELFINGEN\",\"isPartOf\":{\"@id\":\"https:\/\/delfingen.com\/en\/#website\"},\"primaryImageOfPage\":{\"@id\":\"https:\/\/delfingen.com\/en\/our-customer-focus\/#primaryimage\"},\"image\":{\"@id\":\"https:\/\/delfingen.com\/en\/our-customer-focus\/#primaryimage\"},\"thumbnailUrl\":\"https:\/\/delfingen.com\/medias\/2017\/10\/orientation-clients.jpg\",\"datePublished\":\"2017-10-13T09:57:09+00:00\",\"dateModified\":\"2017-11-30T16:21:28+00:00\",\"breadcrumb\":{\"@id\":\"https:\/\/delfingen.com\/en\/our-customer-focus\/#breadcrumb\"},\"inLanguage\":\"de-DE\",\"potentialAction\":[{\"@type\":\"ReadAction\",\"target\":[\"https:\/\/delfingen.com\/en\/our-customer-focus\/\"]}]},{\"@type\":\"ImageObject\",\"inLanguage\":\"de-DE\",\"@id\":\"https:\/\/delfingen.com\/en\/our-customer-focus\/#primaryimage\",\"url\":\"https:\/\/delfingen.com\/medias\/2017\/10\/orientation-clients.jpg\",\"contentUrl\":\"https:\/\/delfingen.com\/medias\/2017\/10\/orientation-clients.jpg\",\"width\":1920,\"height\":576},{\"@type\":\"BreadcrumbList\",\"@id\":\"https:\/\/delfingen.com\/en\/our-customer-focus\/#breadcrumb\",\"itemListElement\":[{\"@type\":\"ListItem\",\"position\":1,\"name\":\"Le Groupe\",\"item\":\"https:\/\/delfingen.com\/en\/categorie-page\/le-groupe\/\"},{\"@type\":\"ListItem\",\"position\":2,\"name\":\"Nos engagements\",\"item\":\"https:\/\/delfingen.com\/en\/categorie-page\/le-groupe\/nos-engagements\/\"},{\"@type\":\"ListItem\",\"position\":3,\"name\":\"Unsere Kundenorientierung\"}]},{\"@type\":\"WebSite\",\"@id\":\"https:\/\/delfingen.com\/en\/#website\",\"url\":\"https:\/\/delfingen.com\/en\/\",\"name\":\"DELFINGEN\",\"description\":\"\u00c9quipementier automobile mondial\",\"potentialAction\":[{\"@type\":\"SearchAction\",\"target\":{\"@type\":\"EntryPoint\",\"urlTemplate\":\"https:\/\/delfingen.com\/en\/?s={search_term_string}\"},\"query-input\":{\"@type\":\"PropertyValueSpecification\",\"valueRequired\":true,\"valueName\":\"search_term_string\"}}],\"inLanguage\":\"de-DE\"}]}<\/script>\n<!-- \/ Yoast SEO plugin. -->","yoast_head_json":{"title":"Unsere Kundenorientierung | DELFINGEN","robots":{"index":"index","follow":"follow","max-snippet":"max-snippet:-1","max-image-preview":"max-image-preview:large","max-video-preview":"max-video-preview:-1"},"canonical":"https:\/\/delfingen.com\/en\/our-customer-focus\/","og_locale":"de_DE","og_type":"article","og_title":"Unsere Kundenorientierung | DELFINGEN","og_description":"In einer Zeit, in der Automobilprogramme global geworden sind, ist es DELFINGEN\u2019s Ziel durch seine Innovationskraft, seiner weltweiten Pr\u00e4senz und seiner operativen Leistung die anspruchsvollsten Kunden zufriedenzustellen. Innovation Wenn es darum geht, die Erwartungen unserer Kunden zu antizipieren und zu erf\u00fcllen, setzen wir vor allem auf Innovation. DELFINGEN entwickelt neue Technologien, Verfahren und Materialien f\u00fcr [&hellip;]","og_url":"https:\/\/delfingen.com\/en\/our-customer-focus\/","og_site_name":"DELFINGEN","article_modified_time":"2017-11-30T16:21:28+00:00","og_image":[{"width":1920,"height":576,"url":"https:\/\/delfingen.com\/medias\/2017\/10\/orientation-clients.jpg","type":"image\/jpeg"}],"twitter_card":"summary_large_image","twitter_misc":{"Gesch\u00e4tzte Lesezeit":"1 minute"},"schema":{"@context":"https:\/\/schema.org","@graph":[{"@type":"WebPage","@id":"https:\/\/delfingen.com\/en\/our-customer-focus\/","url":"https:\/\/delfingen.com\/en\/our-customer-focus\/","name":"Unsere Kundenorientierung | DELFINGEN","isPartOf":{"@id":"https:\/\/delfingen.com\/en\/#website"},"primaryImageOfPage":{"@id":"https:\/\/delfingen.com\/en\/our-customer-focus\/#primaryimage"},"image":{"@id":"https:\/\/delfingen.com\/en\/our-customer-focus\/#primaryimage"},"thumbnailUrl":"https:\/\/delfingen.com\/medias\/2017\/10\/orientation-clients.jpg","datePublished":"2017-10-13T09:57:09+00:00","dateModified":"2017-11-30T16:21:28+00:00","breadcrumb":{"@id":"https:\/\/delfingen.com\/en\/our-customer-focus\/#breadcrumb"},"inLanguage":"de-DE","potentialAction":[{"@type":"ReadAction","target":["https:\/\/delfingen.com\/en\/our-customer-focus\/"]}]},{"@type":"ImageObject","inLanguage":"de-DE","@id":"https:\/\/delfingen.com\/en\/our-customer-focus\/#primaryimage","url":"https:\/\/delfingen.com\/medias\/2017\/10\/orientation-clients.jpg","contentUrl":"https:\/\/delfingen.com\/medias\/2017\/10\/orientation-clients.jpg","width":1920,"height":576},{"@type":"BreadcrumbList","@id":"https:\/\/delfingen.com\/en\/our-customer-focus\/#breadcrumb","itemListElement":[{"@type":"ListItem","position":1,"name":"Le Groupe","item":"https:\/\/delfingen.com\/en\/categorie-page\/le-groupe\/"},{"@type":"ListItem","position":2,"name":"Nos engagements","item":"https:\/\/delfingen.com\/en\/categorie-page\/le-groupe\/nos-engagements\/"},{"@type":"ListItem","position":3,"name":"Unsere Kundenorientierung"}]},{"@type":"WebSite","@id":"https:\/\/delfingen.com\/en\/#website","url":"https:\/\/delfingen.com\/en\/","name":"DELFINGEN","description":"\u00c9quipementier automobile mondial","potentialAction":[{"@type":"SearchAction","target":{"@type":"EntryPoint","urlTemplate":"https:\/\/delfingen.com\/en\/?s={search_term_string}"},"query-input":{"@type":"PropertyValueSpecification","valueRequired":true,"valueName":"search_term_string"}}],"inLanguage":"de-DE"}]}},"_links":{"self":[{"href":"https:\/\/delfingen.com\/de\/wp-json\/wp\/v2\/pages\/2309","targetHints":{"allow":["GET"]}}],"collection":[{"href":"https:\/\/delfingen.com\/de\/wp-json\/wp\/v2\/pages"}],"about":[{"href":"https:\/\/delfingen.com\/de\/wp-json\/wp\/v2\/types\/page"}],"author":[{"embeddable":true,"href":"https:\/\/delfingen.com\/de\/wp-json\/wp\/v2\/users\/2"}],"replies":[{"embeddable":true,"href":"https:\/\/delfingen.com\/de\/wp-json\/wp\/v2\/comments?post=2309"}],"version-history":[{"count":5,"href":"https:\/\/delfingen.com\/de\/wp-json\/wp\/v2\/pages\/2309\/revisions"}],"predecessor-version":[{"id":5177,"href":"https:\/\/delfingen.com\/de\/wp-json\/wp\/v2\/pages\/2309\/revisions\/5177"}],"wp:featuredmedia":[{"embeddable":true,"href":"https:\/\/delfingen.com\/de\/wp-json\/wp\/v2\/media\/3585"}],"wp:attachment":[{"href":"https:\/\/delfingen.com\/de\/wp-json\/wp\/v2\/media?parent=2309"}],"wp:term":[{"taxonomy":"categorie-page","embeddable":true,"href":"https:\/\/delfingen.com\/de\/wp-json\/wp\/v2\/categorie-page?post=2309"}],"curies":[{"name":"wp","href":"https:\/\/api.w.org\/{rel}","templated":true}]}}