{"id":2310,"date":"2017-10-13T12:00:43","date_gmt":"2017-10-13T10:00:43","guid":{"rendered":"https:\/\/delfingen.com\/notre-responsabilite-sociale\/"},"modified":"2025-02-20T09:08:48","modified_gmt":"2025-02-20T08:08:48","slug":"unsere-gesellschaftliche-verpflichtung-2","status":"publish","type":"page","link":"https:\/\/delfingen.com\/de\/unsere-gesellschaftliche-verpflichtung-2\/","title":{"rendered":"Unsere gesellschaftliche Verpflichtung"},"content":{"rendered":"\n<div class=\"wp-block-group\"><div class=\"wp-block-group__inner-container is-layout-flow wp-block-group-is-layout-flow\">\n<div class=\"wp-block-group\"><div class=\"wp-block-group__inner-container is-layout-flow wp-block-group-is-layout-flow\">\n<div class=\"wp-block-group\"><div class=\"wp-block-group__inner-container is-layout-flow wp-block-group-is-layout-flow\">\n<p><strong>Unser Wachstum und unsere internationale Entwicklung wurden immer durch den tiefsten Respekt gegen\u00fcber jedem Einzelnen gest\u00fctzt. Als internationales Unternehmen engagiert sich DELFINGEN f\u00fcr eine solidarische Globalisierung. Und als Industrieunternehmen ist DELFINGEN aktiv im Umweltschutz t\u00e4tig.<\/strong><\/p>\n\n\n\n<p>Wenn Sie mehr \u00fcber unsere soziale Verantwortung und die durchgef\u00fchrten Ma\u00dfnahmen erfahren m\u00f6chten, lesen Sie unseren vollst\u00e4ndigen <a href=\"https:\/\/delfingen.com\/medias\/csr-report-en.pdf\" target=\"_blank\" rel=\"noreferrer noopener\">NACHHALTIGKEITSBERICHT.<\/a><\/p>\n\n\n\n<h2 class=\"wp-block-heading\">Die Charta f\u00fcr menschenw\u00fcrdiges Arbeiten<\/h2>\n\n\n\n<p class=\"normal\"><span lang=\"fr\">DELFINGEN bem\u00fcht sich, unter Wahrung der Menschenrechte und im Einklang mit den Unternehmenswerten ein Arbeitsumfeld zu schaffen, in dem jeder einzelne Mitarbeiter einen Ort der beruflichen und pers\u00f6nlichen Entfaltung finden kann. So kann jeder durch seine Individualit\u00e4t sein ganzes Talent zum Ausdruck bringen und weiterentwickeln.<\/span><\/p>\n\n\n\n<figure class=\"wp-block-image\"><a href=\"https:\/\/delfingen.com\/medias\/2017\/10\/charte_de.jpg\" target=\"_blank\" rel=\"noopener noreferrer\"><img decoding=\"async\" src=\"https:\/\/delfingen.com\/medias\/2017\/10\/charte_de.jpg\" alt=\"charte travail decent\"\/><\/a><\/figure>\n\n\n\n<h2 class=\"wp-block-heading\">Die Stiftung DELFINGEN<\/h2>\n\n\n\n<p>Das Ziel der Stiftung ist es, zur Entwicklung eines selbstbestimmten Lebens der Menschen beizutragen, indem der Zugang zu medizinischer Versorgung, Bildung und menschenw\u00fcrdiger Unterbringung erleichtert wird sowie ein Beitrag f\u00fcr Menschen mit Behinderungen geleistet wird.<\/p>\n\n\n\n<p>Die Stiftung stellt eine echte Verbindung zwischen dem Unternehmen, seinen Mitarbeitern und den Regionen her.<\/p>\n\n\n\n<p><a href=\"https:\/\/delfingen.com\/de\/delfingen-stiftung\/\" target=\"_blank\" rel=\"noopener noreferrer\">Erfahren Sie mehr \u00fcber die DELFINGEN Stiftung<\/a><\/p>\n\n\n\n<h2 class=\"wp-block-heading\">Umweltbewusstsein<\/h2>\n\n\n\n<p class=\"normal\"><span lang=\"fr\">Ohne Einschr\u00e4nkung des \u00f6kologischen Fu\u00dfabdrucks unserer Aktivit\u00e4ten kann es keine Nachhaltigkeit geben. <\/span><\/p>\n\n\n\n<p class=\"normal\"><span lang=\"fr\">Als kunststoffverarbeitendes Unternehmen ber\u00fccksichtigen wir die Umweltaspekte in unseren Planungs-, Produktions- und End-of-Life-Management-Prozessen.<\/span><\/p>\n\n\n\n<p class=\"normal\"><span lang=\"fr\">Wir vermitteln diese Bereitschaft durch die Sensibilisierung aller Mitarbeiter \u00fcber die Auswirkungen ihres t\u00e4glichen Handelns. Die gesellschaftliche Verantwortung des Unternehmens wird so zu einer kollektiven Verpflichtung.<\/span><\/p>\n\n\n\n<h2 class=\"wp-block-heading\">Gleichstellung<\/h2>\n\n\n\n<p>Als internationale Gruppe ist DELFINGEN reich an einer Vielfalt von Kulturen, \u00dcberzeugungen und Sprachen. Die St\u00e4rke DELFINGENs liegt in der t\u00e4glichen R\u00fccksicht und dem Respekt dieser Unterschiede.<\/p>\n\n\n\n<p>Dies f\u00fchrte 2007 zur Einf\u00fchrung unserer Charta f\u00fcr menschenw\u00fcrdige Arbeit, die gleichwertige Arbeitsbedingungen f\u00fcr unsere Mitarbeiter an allen Standorten gew\u00e4hrleistet.<\/p>\n\n\n\n<p>Neben den Aspekt der Sicherheit, Umwelt, m\u00fchsame Arbeit, Bel\u00e4stigung oder Behinderung f\u00f6rdert DELFINGEN die Gleichstellung zwischen M\u00e4nnern und Frauen.<\/p>\n\n\n\n<p>Unser Index (basierend auf dem franz\u00f6sischen Dekret No. 2019-15) <strong>ist 81\/100 f\u00fcr das Finanzjahr 2024.<\/strong><\/p>\n\n\n\n<p>Dieser Hinweis unterstreicht die kontinuierliche Investition DELFINGENs in die F\u00f6rderung der M\u00e4nner und Frauen, die jeden Tag ihre Arbeit mit Leidenschaft an den Standorten der Gruppe ausf\u00fchren.<\/p>\n\n\n\n<p>Entdecken Sie die <a href=\"https:\/\/delfingen.com\/de\/erfahrungsberichte\/\" target=\"_blank\" rel=\"noreferrer noopener\">Erfahrungsberichte <\/a>und <a href=\"https:\/\/www.youtube.com\/watch?v=Fpu0VuKl-rk&amp;list=PLbwPZzg7zgXz-jp1yHLYQJi602nfENhxY\" target=\"_blank\" rel=\"noreferrer noopener\">Interviews unserer Mitarbeiter <\/a>\u00fcber ihre Erfahrungen in der Gruppe!<\/p>\n<\/div><\/div>\n<\/div><\/div>\n<\/div><\/div>\n\n\n\n<h2 class=\"wp-block-heading\">Lieferantenbeziehungen und verantwortungsbewusster Einkauf<\/h2>\n\n\n\n<p>DELFINGENs Zentraleinkauf hat Anfang 2024 die RFAR-Charta f\u00fcr &#8220;Verantwortungsbewussten Einkauf und Lieferantenbeziehungen&#8221; unterzeichnet. Diese Charta hat zum Ziel, dass Unternehmen, \u00f6ffentliche und private Organisationen dazu ermutigt werden, gegen\u00fcber ihren Lieferanten verantwortungsbewusste und ethnische Praktiken anzuwenden.<\/p>\n\n\n\n<p>Unser Einkauf ist bestrebt, das Siegel f\u00fcr verantwortungsbewussten Einkauf und Lieferantenbeziehungen zu erhalten. Es ist das erste und einzige Siegel, das in diesem Bereich von den Beh\u00f6rden f\u00fcr einen Zeitraum von 3 Jahren verliehen und j\u00e4hrlich \u00fcberpr\u00fcft wird.<\/p>\n\n\n\n<p>DELFINGEN bevorzugt den Dialog und die Mediation, um potentielle Meinungsverschiedenheiten mit Lieferanten zu l\u00f6sen. Deshalb m\u00f6chten wir Sie dar\u00fcber informieren, dass unser Schlichter f\u00fcr Lieferantenbeziehungen Herr Nicolas Hyenne (<a href=\"mailto:achatsresponsables@delfingen.com\" target=\"_blank\" rel=\"noreferrer noopener\">achatsresponsables@delfingen.com<\/a>) ist und f\u00fcr Fragen zur Verf\u00fcgung steht.<\/p>\n","protected":false},"excerpt":{"rendered":"<p>Unser Wachstum und unsere internationale Entwicklung wurden immer durch den tiefsten Respekt gegen\u00fcber jedem Einzelnen gest\u00fctzt. Als internationales Unternehmen engagiert sich DELFINGEN f\u00fcr eine solidarische Globalisierung. Und als Industrieunternehmen ist DELFINGEN aktiv im Umweltschutz t\u00e4tig. Wenn Sie mehr \u00fcber unsere soziale Verantwortung und die durchgef\u00fchrten Ma\u00dfnahmen erfahren m\u00f6chten, lesen Sie unseren vollst\u00e4ndigen NACHHALTIGKEITSBERICHT. Die Charta [&hellip;]<\/p>\n","protected":false},"author":2,"featured_media":3588,"parent":0,"menu_order":139,"comment_status":"closed","ping_status":"closed","template":"","meta":{"_acf_changed":false,"footnotes":""},"categorie-page":[132,135],"class_list":["post-2310","page","type-page","status-publish","has-post-thumbnail","hentry","categorie-page-le-groupe","categorie-page-nos-engagements"],"acf":[],"yoast_head":"<!-- This site is optimized with the Yoast SEO plugin v27.2 - https:\/\/yoast.com\/product\/yoast-seo-wordpress\/ -->\n<title>Unsere gesellschaftliche Verpflichtung | DELFINGEN<\/title>\n<meta name=\"robots\" content=\"index, follow, max-snippet:-1, max-image-preview:large, max-video-preview:-1\" \/>\n<link rel=\"canonical\" href=\"https:\/\/delfingen.com\/de\/unsere-gesellschaftliche-verpflichtung-2\/\" \/>\n<meta property=\"og:locale\" content=\"de_DE\" \/>\n<meta property=\"og:type\" content=\"article\" \/>\n<meta property=\"og:title\" content=\"Unsere gesellschaftliche Verpflichtung | DELFINGEN\" \/>\n<meta property=\"og:description\" content=\"Unser Wachstum und unsere internationale Entwicklung wurden immer durch den tiefsten Respekt gegen\u00fcber jedem Einzelnen gest\u00fctzt. Als internationales Unternehmen engagiert sich DELFINGEN f\u00fcr eine solidarische Globalisierung. Und als Industrieunternehmen ist DELFINGEN aktiv im Umweltschutz t\u00e4tig. Wenn Sie mehr \u00fcber unsere soziale Verantwortung und die durchgef\u00fchrten Ma\u00dfnahmen erfahren m\u00f6chten, lesen Sie unseren vollst\u00e4ndigen NACHHALTIGKEITSBERICHT. Die Charta [&hellip;]\" \/>\n<meta property=\"og:url\" content=\"https:\/\/delfingen.com\/de\/unsere-gesellschaftliche-verpflichtung-2\/\" \/>\n<meta property=\"og:site_name\" content=\"DELFINGEN\" \/>\n<meta property=\"article:modified_time\" content=\"2025-02-20T08:08:48+00:00\" \/>\n<meta property=\"og:image\" content=\"https:\/\/delfingen.com\/medias\/2017\/10\/responsabilite-sociale.jpg\" \/>\n\t<meta property=\"og:image:width\" content=\"1024\" \/>\n\t<meta property=\"og:image:height\" content=\"410\" \/>\n\t<meta property=\"og:image:type\" content=\"image\/jpeg\" \/>\n<meta name=\"twitter:card\" content=\"summary_large_image\" \/>\n<meta name=\"twitter:label1\" content=\"Gesch\u00e4tzte Lesezeit\" \/>\n\t<meta name=\"twitter:data1\" content=\"3 minutes\" \/>\n<script type=\"application\/ld+json\" class=\"yoast-schema-graph\">{\"@context\":\"https:\/\/schema.org\",\"@graph\":[{\"@type\":\"WebPage\",\"@id\":\"https:\/\/delfingen.com\/de\/unsere-gesellschaftliche-verpflichtung-2\/\",\"url\":\"https:\/\/delfingen.com\/de\/unsere-gesellschaftliche-verpflichtung-2\/\",\"name\":\"Unsere gesellschaftliche Verpflichtung | DELFINGEN\",\"isPartOf\":{\"@id\":\"https:\/\/delfingen.com\/en\/#website\"},\"primaryImageOfPage\":{\"@id\":\"https:\/\/delfingen.com\/de\/unsere-gesellschaftliche-verpflichtung-2\/#primaryimage\"},\"image\":{\"@id\":\"https:\/\/delfingen.com\/de\/unsere-gesellschaftliche-verpflichtung-2\/#primaryimage\"},\"thumbnailUrl\":\"https:\/\/delfingen.com\/medias\/2017\/10\/responsabilite-sociale.jpg\",\"datePublished\":\"2017-10-13T10:00:43+00:00\",\"dateModified\":\"2025-02-20T08:08:48+00:00\",\"inLanguage\":\"de-DE\",\"potentialAction\":[{\"@type\":\"ReadAction\",\"target\":[\"https:\/\/delfingen.com\/de\/unsere-gesellschaftliche-verpflichtung-2\/\"]}]},{\"@type\":\"ImageObject\",\"inLanguage\":\"de-DE\",\"@id\":\"https:\/\/delfingen.com\/de\/unsere-gesellschaftliche-verpflichtung-2\/#primaryimage\",\"url\":\"https:\/\/delfingen.com\/medias\/2017\/10\/responsabilite-sociale.jpg\",\"contentUrl\":\"https:\/\/delfingen.com\/medias\/2017\/10\/responsabilite-sociale.jpg\",\"width\":1024,\"height\":410},{\"@type\":\"WebSite\",\"@id\":\"https:\/\/delfingen.com\/en\/#website\",\"url\":\"https:\/\/delfingen.com\/en\/\",\"name\":\"DELFINGEN\",\"description\":\"\u00c9quipementier automobile mondial\",\"potentialAction\":[{\"@type\":\"SearchAction\",\"target\":{\"@type\":\"EntryPoint\",\"urlTemplate\":\"https:\/\/delfingen.com\/en\/?s={search_term_string}\"},\"query-input\":{\"@type\":\"PropertyValueSpecification\",\"valueRequired\":true,\"valueName\":\"search_term_string\"}}],\"inLanguage\":\"de-DE\"}]}<\/script>\n<!-- \/ Yoast SEO plugin. -->","yoast_head_json":{"title":"Unsere gesellschaftliche Verpflichtung | DELFINGEN","robots":{"index":"index","follow":"follow","max-snippet":"max-snippet:-1","max-image-preview":"max-image-preview:large","max-video-preview":"max-video-preview:-1"},"canonical":"https:\/\/delfingen.com\/de\/unsere-gesellschaftliche-verpflichtung-2\/","og_locale":"de_DE","og_type":"article","og_title":"Unsere gesellschaftliche Verpflichtung | DELFINGEN","og_description":"Unser Wachstum und unsere internationale Entwicklung wurden immer durch den tiefsten Respekt gegen\u00fcber jedem Einzelnen gest\u00fctzt. Als internationales Unternehmen engagiert sich DELFINGEN f\u00fcr eine solidarische Globalisierung. Und als Industrieunternehmen ist DELFINGEN aktiv im Umweltschutz t\u00e4tig. Wenn Sie mehr \u00fcber unsere soziale Verantwortung und die durchgef\u00fchrten Ma\u00dfnahmen erfahren m\u00f6chten, lesen Sie unseren vollst\u00e4ndigen NACHHALTIGKEITSBERICHT. Die Charta [&hellip;]","og_url":"https:\/\/delfingen.com\/de\/unsere-gesellschaftliche-verpflichtung-2\/","og_site_name":"DELFINGEN","article_modified_time":"2025-02-20T08:08:48+00:00","og_image":[{"width":1024,"height":410,"url":"https:\/\/delfingen.com\/medias\/2017\/10\/responsabilite-sociale.jpg","type":"image\/jpeg"}],"twitter_card":"summary_large_image","twitter_misc":{"Gesch\u00e4tzte Lesezeit":"3 minutes"},"schema":{"@context":"https:\/\/schema.org","@graph":[{"@type":"WebPage","@id":"https:\/\/delfingen.com\/de\/unsere-gesellschaftliche-verpflichtung-2\/","url":"https:\/\/delfingen.com\/de\/unsere-gesellschaftliche-verpflichtung-2\/","name":"Unsere gesellschaftliche Verpflichtung | DELFINGEN","isPartOf":{"@id":"https:\/\/delfingen.com\/en\/#website"},"primaryImageOfPage":{"@id":"https:\/\/delfingen.com\/de\/unsere-gesellschaftliche-verpflichtung-2\/#primaryimage"},"image":{"@id":"https:\/\/delfingen.com\/de\/unsere-gesellschaftliche-verpflichtung-2\/#primaryimage"},"thumbnailUrl":"https:\/\/delfingen.com\/medias\/2017\/10\/responsabilite-sociale.jpg","datePublished":"2017-10-13T10:00:43+00:00","dateModified":"2025-02-20T08:08:48+00:00","inLanguage":"de-DE","potentialAction":[{"@type":"ReadAction","target":["https:\/\/delfingen.com\/de\/unsere-gesellschaftliche-verpflichtung-2\/"]}]},{"@type":"ImageObject","inLanguage":"de-DE","@id":"https:\/\/delfingen.com\/de\/unsere-gesellschaftliche-verpflichtung-2\/#primaryimage","url":"https:\/\/delfingen.com\/medias\/2017\/10\/responsabilite-sociale.jpg","contentUrl":"https:\/\/delfingen.com\/medias\/2017\/10\/responsabilite-sociale.jpg","width":1024,"height":410},{"@type":"WebSite","@id":"https:\/\/delfingen.com\/en\/#website","url":"https:\/\/delfingen.com\/en\/","name":"DELFINGEN","description":"\u00c9quipementier automobile mondial","potentialAction":[{"@type":"SearchAction","target":{"@type":"EntryPoint","urlTemplate":"https:\/\/delfingen.com\/en\/?s={search_term_string}"},"query-input":{"@type":"PropertyValueSpecification","valueRequired":true,"valueName":"search_term_string"}}],"inLanguage":"de-DE"}]}},"_links":{"self":[{"href":"https:\/\/delfingen.com\/de\/wp-json\/wp\/v2\/pages\/2310","targetHints":{"allow":["GET"]}}],"collection":[{"href":"https:\/\/delfingen.com\/de\/wp-json\/wp\/v2\/pages"}],"about":[{"href":"https:\/\/delfingen.com\/de\/wp-json\/wp\/v2\/types\/page"}],"author":[{"embeddable":true,"href":"https:\/\/delfingen.com\/de\/wp-json\/wp\/v2\/users\/2"}],"replies":[{"embeddable":true,"href":"https:\/\/delfingen.com\/de\/wp-json\/wp\/v2\/comments?post=2310"}],"version-history":[{"count":10,"href":"https:\/\/delfingen.com\/de\/wp-json\/wp\/v2\/pages\/2310\/revisions"}],"predecessor-version":[{"id":25638,"href":"https:\/\/delfingen.com\/de\/wp-json\/wp\/v2\/pages\/2310\/revisions\/25638"}],"wp:featuredmedia":[{"embeddable":true,"href":"https:\/\/delfingen.com\/de\/wp-json\/wp\/v2\/media\/3588"}],"wp:attachment":[{"href":"https:\/\/delfingen.com\/de\/wp-json\/wp\/v2\/media?parent=2310"}],"wp:term":[{"taxonomy":"categorie-page","embeddable":true,"href":"https:\/\/delfingen.com\/de\/wp-json\/wp\/v2\/categorie-page?post=2310"}],"curies":[{"name":"wp","href":"https:\/\/api.w.org\/{rel}","templated":true}]}}