{"id":2352,"date":"2017-10-13T13:43:30","date_gmt":"2017-10-13T11:43:30","guid":{"rendered":"https:\/\/delfingen.com\/notre-parcours\/"},"modified":"2021-09-15T11:46:14","modified_gmt":"2021-09-15T09:46:14","slug":"unser-werdegang","status":"publish","type":"page","link":"https:\/\/delfingen.com\/de\/unser-werdegang\/","title":{"rendered":"Unser Werdegang"},"content":{"rendered":"<p class=\"normal\"><strong><span lang=\"fr\">Es waren couragierte und entschlossene M\u00e4nner und Frauen, die den kleinen famili\u00e4ren Betrieb f\u00fcr Plastikt\u00fcten zu dem Unternehmen machten, das DELFINGEN heute ist: ein weltweit marktf\u00fchrender Automobilzulieferer.<\/span><\/strong><\/p>\n<p><img loading=\"lazy\" decoding=\"async\" class=\"alignnone wp-image-16129 \" src=\"https:\/\/delfingen.com\/medias\/\/historywebsitede-363x512.jpg\" alt=\"\" width=\"891\" height=\"1257\" srcset=\"https:\/\/delfingen.com\/medias\/historywebsitede-363x512.jpg 363w, https:\/\/delfingen.com\/medias\/historywebsitede-1088x1536.jpg 1088w, https:\/\/delfingen.com\/medias\/historywebsitede-1450x2048.jpg 1450w, https:\/\/delfingen.com\/medias\/historywebsitede-scaled.jpg 1813w\" sizes=\"auto, (max-width: 891px) 100vw, 891px\" \/><\/p>\n","protected":false},"excerpt":{"rendered":"<p>Es waren couragierte und entschlossene M\u00e4nner und Frauen, die den kleinen famili\u00e4ren Betrieb f\u00fcr Plastikt\u00fcten zu dem Unternehmen machten, das DELFINGEN heute ist: ein weltweit marktf\u00fchrender Automobilzulieferer.<\/p>\n","protected":false},"author":2,"featured_media":24608,"parent":0,"menu_order":126,"comment_status":"closed","ping_status":"closed","template":"","meta":{"_acf_changed":false,"footnotes":""},"categorie-page":[132],"class_list":["post-2352","page","type-page","status-publish","has-post-thumbnail","hentry","categorie-page-le-groupe"],"acf":[],"yoast_head":"<!-- This site is optimized with the Yoast SEO plugin v27.2 - https:\/\/yoast.com\/product\/yoast-seo-wordpress\/ -->\n<title>Unser Werdegang | DELFINGEN<\/title>\n<meta name=\"robots\" content=\"index, follow, max-snippet:-1, max-image-preview:large, max-video-preview:-1\" \/>\n<link rel=\"canonical\" href=\"https:\/\/delfingen.com\/en\/how-it-started-and-where-we-are\/\" \/>\n<meta property=\"og:locale\" content=\"de_DE\" \/>\n<meta property=\"og:type\" content=\"article\" \/>\n<meta property=\"og:title\" content=\"Unser Werdegang | DELFINGEN\" \/>\n<meta property=\"og:description\" content=\"Es waren couragierte und entschlossene M\u00e4nner und Frauen, die den kleinen famili\u00e4ren Betrieb f\u00fcr Plastikt\u00fcten zu dem Unternehmen machten, das DELFINGEN heute ist: ein weltweit marktf\u00fchrender Automobilzulieferer.\" \/>\n<meta property=\"og:url\" content=\"https:\/\/delfingen.com\/en\/how-it-started-and-where-we-are\/\" \/>\n<meta property=\"og:site_name\" content=\"DELFINGEN\" \/>\n<meta property=\"article:modified_time\" content=\"2021-09-15T09:46:14+00:00\" \/>\n<meta property=\"og:image\" content=\"https:\/\/delfingen.com\/medias\/2017\/10\/notre-parcours.jpg\" \/>\n\t<meta property=\"og:image:width\" content=\"1920\" \/>\n\t<meta property=\"og:image:height\" content=\"689\" \/>\n\t<meta property=\"og:image:type\" content=\"image\/jpeg\" \/>\n<meta name=\"twitter:card\" content=\"summary_large_image\" \/>\n<meta name=\"twitter:label1\" content=\"Gesch\u00e4tzte Lesezeit\" \/>\n\t<meta name=\"twitter:data1\" content=\"1 minute\" \/>\n<script type=\"application\/ld+json\" class=\"yoast-schema-graph\">{\"@context\":\"https:\/\/schema.org\",\"@graph\":[{\"@type\":\"WebPage\",\"@id\":\"https:\/\/delfingen.com\/en\/how-it-started-and-where-we-are\/\",\"url\":\"https:\/\/delfingen.com\/en\/how-it-started-and-where-we-are\/\",\"name\":\"Unser Werdegang | DELFINGEN\",\"isPartOf\":{\"@id\":\"https:\/\/delfingen.com\/en\/#website\"},\"primaryImageOfPage\":{\"@id\":\"https:\/\/delfingen.com\/en\/how-it-started-and-where-we-are\/#primaryimage\"},\"image\":{\"@id\":\"https:\/\/delfingen.com\/en\/how-it-started-and-where-we-are\/#primaryimage\"},\"thumbnailUrl\":\"https:\/\/delfingen.com\/medias\/blue-scaled.jpg\",\"datePublished\":\"2017-10-13T11:43:30+00:00\",\"dateModified\":\"2021-09-15T09:46:14+00:00\",\"breadcrumb\":{\"@id\":\"https:\/\/delfingen.com\/en\/how-it-started-and-where-we-are\/#breadcrumb\"},\"inLanguage\":\"de-DE\",\"potentialAction\":[{\"@type\":\"ReadAction\",\"target\":[\"https:\/\/delfingen.com\/en\/how-it-started-and-where-we-are\/\"]}]},{\"@type\":\"ImageObject\",\"inLanguage\":\"de-DE\",\"@id\":\"https:\/\/delfingen.com\/en\/how-it-started-and-where-we-are\/#primaryimage\",\"url\":\"https:\/\/delfingen.com\/medias\/blue-scaled.jpg\",\"contentUrl\":\"https:\/\/delfingen.com\/medias\/blue-scaled.jpg\",\"width\":2560,\"height\":1336},{\"@type\":\"BreadcrumbList\",\"@id\":\"https:\/\/delfingen.com\/en\/how-it-started-and-where-we-are\/#breadcrumb\",\"itemListElement\":[{\"@type\":\"ListItem\",\"position\":1,\"name\":\"Le Groupe\",\"item\":\"https:\/\/delfingen.com\/en\/categorie-page\/le-groupe\/\"},{\"@type\":\"ListItem\",\"position\":2,\"name\":\"Unser Werdegang\"}]},{\"@type\":\"WebSite\",\"@id\":\"https:\/\/delfingen.com\/en\/#website\",\"url\":\"https:\/\/delfingen.com\/en\/\",\"name\":\"DELFINGEN\",\"description\":\"\u00c9quipementier automobile mondial\",\"potentialAction\":[{\"@type\":\"SearchAction\",\"target\":{\"@type\":\"EntryPoint\",\"urlTemplate\":\"https:\/\/delfingen.com\/en\/?s={search_term_string}\"},\"query-input\":{\"@type\":\"PropertyValueSpecification\",\"valueRequired\":true,\"valueName\":\"search_term_string\"}}],\"inLanguage\":\"de-DE\"}]}<\/script>\n<!-- \/ Yoast SEO plugin. -->","yoast_head_json":{"title":"Unser Werdegang | DELFINGEN","robots":{"index":"index","follow":"follow","max-snippet":"max-snippet:-1","max-image-preview":"max-image-preview:large","max-video-preview":"max-video-preview:-1"},"canonical":"https:\/\/delfingen.com\/en\/how-it-started-and-where-we-are\/","og_locale":"de_DE","og_type":"article","og_title":"Unser Werdegang | DELFINGEN","og_description":"Es waren couragierte und entschlossene M\u00e4nner und Frauen, die den kleinen famili\u00e4ren Betrieb f\u00fcr Plastikt\u00fcten zu dem Unternehmen machten, das DELFINGEN heute ist: ein weltweit marktf\u00fchrender Automobilzulieferer.","og_url":"https:\/\/delfingen.com\/en\/how-it-started-and-where-we-are\/","og_site_name":"DELFINGEN","article_modified_time":"2021-09-15T09:46:14+00:00","og_image":[{"width":1920,"height":689,"url":"https:\/\/delfingen.com\/medias\/2017\/10\/notre-parcours.jpg","type":"image\/jpeg"}],"twitter_card":"summary_large_image","twitter_misc":{"Gesch\u00e4tzte Lesezeit":"1 minute"},"schema":{"@context":"https:\/\/schema.org","@graph":[{"@type":"WebPage","@id":"https:\/\/delfingen.com\/en\/how-it-started-and-where-we-are\/","url":"https:\/\/delfingen.com\/en\/how-it-started-and-where-we-are\/","name":"Unser Werdegang | DELFINGEN","isPartOf":{"@id":"https:\/\/delfingen.com\/en\/#website"},"primaryImageOfPage":{"@id":"https:\/\/delfingen.com\/en\/how-it-started-and-where-we-are\/#primaryimage"},"image":{"@id":"https:\/\/delfingen.com\/en\/how-it-started-and-where-we-are\/#primaryimage"},"thumbnailUrl":"https:\/\/delfingen.com\/medias\/blue-scaled.jpg","datePublished":"2017-10-13T11:43:30+00:00","dateModified":"2021-09-15T09:46:14+00:00","breadcrumb":{"@id":"https:\/\/delfingen.com\/en\/how-it-started-and-where-we-are\/#breadcrumb"},"inLanguage":"de-DE","potentialAction":[{"@type":"ReadAction","target":["https:\/\/delfingen.com\/en\/how-it-started-and-where-we-are\/"]}]},{"@type":"ImageObject","inLanguage":"de-DE","@id":"https:\/\/delfingen.com\/en\/how-it-started-and-where-we-are\/#primaryimage","url":"https:\/\/delfingen.com\/medias\/blue-scaled.jpg","contentUrl":"https:\/\/delfingen.com\/medias\/blue-scaled.jpg","width":2560,"height":1336},{"@type":"BreadcrumbList","@id":"https:\/\/delfingen.com\/en\/how-it-started-and-where-we-are\/#breadcrumb","itemListElement":[{"@type":"ListItem","position":1,"name":"Le Groupe","item":"https:\/\/delfingen.com\/en\/categorie-page\/le-groupe\/"},{"@type":"ListItem","position":2,"name":"Unser Werdegang"}]},{"@type":"WebSite","@id":"https:\/\/delfingen.com\/en\/#website","url":"https:\/\/delfingen.com\/en\/","name":"DELFINGEN","description":"\u00c9quipementier automobile mondial","potentialAction":[{"@type":"SearchAction","target":{"@type":"EntryPoint","urlTemplate":"https:\/\/delfingen.com\/en\/?s={search_term_string}"},"query-input":{"@type":"PropertyValueSpecification","valueRequired":true,"valueName":"search_term_string"}}],"inLanguage":"de-DE"}]}},"_links":{"self":[{"href":"https:\/\/delfingen.com\/de\/wp-json\/wp\/v2\/pages\/2352","targetHints":{"allow":["GET"]}}],"collection":[{"href":"https:\/\/delfingen.com\/de\/wp-json\/wp\/v2\/pages"}],"about":[{"href":"https:\/\/delfingen.com\/de\/wp-json\/wp\/v2\/types\/page"}],"author":[{"embeddable":true,"href":"https:\/\/delfingen.com\/de\/wp-json\/wp\/v2\/users\/2"}],"replies":[{"embeddable":true,"href":"https:\/\/delfingen.com\/de\/wp-json\/wp\/v2\/comments?post=2352"}],"version-history":[{"count":5,"href":"https:\/\/delfingen.com\/de\/wp-json\/wp\/v2\/pages\/2352\/revisions"}],"predecessor-version":[{"id":16800,"href":"https:\/\/delfingen.com\/de\/wp-json\/wp\/v2\/pages\/2352\/revisions\/16800"}],"wp:featuredmedia":[{"embeddable":true,"href":"https:\/\/delfingen.com\/de\/wp-json\/wp\/v2\/media\/24608"}],"wp:attachment":[{"href":"https:\/\/delfingen.com\/de\/wp-json\/wp\/v2\/media?parent=2352"}],"wp:term":[{"taxonomy":"categorie-page","embeddable":true,"href":"https:\/\/delfingen.com\/de\/wp-json\/wp\/v2\/categorie-page?post=2352"}],"curies":[{"name":"wp","href":"https:\/\/api.w.org\/{rel}","templated":true}]}}