{"id":2394,"date":"2017-10-17T16:46:25","date_gmt":"2017-10-17T14:46:25","guid":{"rendered":"https:\/\/delfingen.com\/votre-carriere-chez-delfingen\/"},"modified":"2025-04-22T16:24:17","modified_gmt":"2025-04-22T14:24:17","slug":"ihre-karriere-bei-delfingen","status":"publish","type":"page","link":"https:\/\/delfingen.com\/de\/ihre-karriere-bei-delfingen\/","title":{"rendered":"Ihre Karriere bei DELFINGEN"},"content":{"rendered":"<h2>Menschen machen den Unterschied<\/h2>\n<h3 class=\"normal\">Bedeutung geben<\/h3>\n<p class=\"normal\"><span lang=\"fr\">DELFINGEN teilt seine Philosophie und Strategie mit allen, damit jeder Mitarbeiter sein Bestes geben kann. DELFINGEN gibt klare Zielvorgaben und stellt die Mittel zur Verf\u00fcgung, um diese Ziele im Einklang mit den Werten und \u00dcberzeugungen des Unternehmens zu erreichen.<\/span><\/p>\n<p class=\"normal\"><span lang=\"fr\">Unter dieser Bedingung k\u00f6nnen alle Au\u00dfergew\u00f6hnliches leisten.<\/span><\/p>\n<h3>In die Beziehung investieren<\/h3>\n<p class=\"normal\"><span lang=\"fr\">Wir sind \u00fcberzeugt, dass der Aufbau menschlicher Beziehungen positive Auswirkungen auf die Kommunikation und Zusammenarbeit hat. Deshalb bietet DELFINGEN bei Treffen auf lokaler, regionaler und internationaler Ebene viele Gelegenheiten zur Begegnung und zum Austausch unter Kollegen.<\/span><\/p>\n<p class=\"normal\"><span lang=\"fr\">Wir sind auch \u00fcberzeugt, dass ungezwungene Begegnungen, wie zum Beispiel der Austausch bei einem Kaffee, einem Essen oder beim gemeinsamen Sport die Bindung innerhalb der Teams st\u00e4rken.<\/span><\/p>\n<h3>Ein attraktiver Arbeitsplatz<\/h3>\n<p class=\"normal\"><span lang=\"fr\">DELFINGEN zu einem attraktiven Arbeitgeber zu machen, ist eine der Hauptaufgaben der Personalabteilung. Engagement durch ein angenehmes und motivierendes Arbeitsumfeld zu f\u00f6rdern, in dem menschliche Beziehungen eine wesentliche Rolle spielen, ist eine t\u00e4gliche Herausforderung.<\/span><\/p>\n<p class=\"normal\"><span lang=\"fr\">Wir m\u00f6chten sehen, wie unsere Kollegen die eingef\u00fchrten Ma\u00dfnahmen wahrnehmen und ob wir unser Ziel erreicht haben. Jedes Jahr messen wir das soziale Klima und verteilen eine anonyme Umfrage zur Mitarbeiterzufriedenheit. Wir sind stolz auf die Ergebnisse: DELFINGEN ist tats\u00e4chlich ein attraktiver Arbeitsplatz!<\/span><\/p>\n<h3>Ein ethisches Unternehmen<\/h3>\n<div>\n<div class=\"gmail_default\">Einwandfreies Handeln ist unser Hauptanliegen. Daher hat DELFINGEN nat\u00fcrlich einen Antikorrupitons-\/<wbr \/>Bestechungskodex aufgestellt, in alle Sprachen der Unternehmensgruppe \u00fcbersetzt und allen Mitarbeitern zug\u00e4nglich gemacht. Dieser Kodex enth\u00e4lt Richtlinien, die zur Bek\u00e4mpfung von Korruption eingehalten werden m\u00fcssen.<\/div>\n<div class=\"gmail_default\"><\/div>\n<div class=\"gmail_default\">DELFINGEN hat auch einen Prozess, um Informanten zu sch\u00fctzen.\u00dcber einen zentralen Einstiegspunkt (<a href=\"mailto:compliance@delfingen.com\" target=\"_blank\" rel=\"noopener\">compliance@delfingen.com<\/a>) kann alles gemeldet werden, was gegen die Vorschriften verst\u00f6\u00dft, einschlie\u00dflich Korruption.<\/div>\n<div class=\"gmail_default\"><\/div>\n<div class=\"gmail_default\">\n<p>Erfahren Sie mehr \u00fcber den Kodex <a href=\"https:\/\/delfingen.com\/de\/unsere-ethische-verpflichtung\/\">HIER<\/a>.<\/p>\n<h3>Chancen nutzen<\/h3>\n<p class=\"normal\"><span lang=\"fr\">Ein Unternehmen, das sich entwickelt, investiert, seine Gesch\u00e4ftst\u00e4tigkeiten diversifiziert und innoviert kann vielseitige und abwechslungsreiche Karrieren bietet. Berufliche Ver\u00e4nderungen, geografische Mobilit\u00e4t, Projektverantwortung: dies sind die M\u00f6glichkeiten, f\u00fcr talentierte Mitarbeiter.<\/span><\/p>\n<p class=\"normal\"><span lang=\"fr\">Bei der Ausschreibung neuer Stellen spielt die interne Bef\u00f6rderung eine wichtige Rolle. Unternehmensinterne Mobilit\u00e4t ist ein Faktor bei der Gewinnung von Talenten. Diese k\u00f6nnen ihre Kompetenzbereiche und Erfahrungen im Dienste des Unternehmens und zum Nutzen ihrer pers\u00f6nlichen Entwicklung erweitern.<\/span><\/p>\n<p><a class=\"btn inverted\" href=\"https:\/\/delfingen.com\/de\/erfahrungsberichte\/\">Lesen Sie die Erfahrungsberichte<\/a><\/p>\n<h3>F\u00fchrungskraft<\/h3>\n<p>Die F\u00fchrungskraft ist das Bindeglied zwischen der Gesch\u00e4ftsleitung und den Teams. Die Rolle der F\u00fchrungskraft zu \u00fcbernehmen bedeutet, die Verantwortung daf\u00fcr zu \u00fcbernehmen, dass die Strategie und Kultur des Konzerns vermittelt, angewandt und durchgesetzt wird.<\/p>\n<p>Die Handlungen einer F\u00fchrungskraft verfolgen immer die Erf\u00fcllung der Anforderungen mit Wohlwollen. Mit anderen Worten: sie stellt sicher, dass die Ergebnisse den Erwartungen entsprechen und sie mit Menschen behutsam umgeht.<\/p>\n<p>Dem Handeln einen Sinn geben, Teams motivieren und entwickeln, Kommunizieren, Entscheidungen treffen, F\u00fchrung \u00fcbernehmen &#8211; all das sind Qualit\u00e4ten, die eine F\u00fchrungskraft braucht.<\/p>\n<h3>Weiterbildung<\/h3>\n<p class=\"normal\"><span lang=\"fr\">In einem globalen Umfeld, das dem schnellen Wandel unterliegt, stellt die Entwicklung der F\u00e4higkeiten aller Mitarbeiter eine strategische Herausforderung dar.<\/span><\/p>\n<p class=\"normal\"><span lang=\"fr\">Deshalb bieten wir Fortbildungsprogramme an, die Mitarbeiterw\u00fcnsche und gesch\u00e4ftliche Herausforderungen miteinander vereinbaren. Das Schulungsangebot ist ausgesprochen breit gef\u00e4chert: technisch, sprachlich, kulturell, betriebswirtschaftlich\u2026<\/span><\/p>\n<p class=\"normal\"><span lang=\"fr\">Au\u00dferdem investieren wir in Ausbildung und Mentoring, um die \u00dcbernahme neuer Aufgaben zu erleichtern und die Praktiken im Konzern zu vereinheitlichen.<\/span><\/p>\n<\/div>\n<\/div>\n","protected":false},"excerpt":{"rendered":"<p>Menschen machen den Unterschied Bedeutung geben DELFINGEN teilt seine Philosophie und Strategie mit allen, damit jeder Mitarbeiter sein Bestes geben kann. DELFINGEN gibt klare Zielvorgaben und stellt die Mittel zur Verf\u00fcgung, um diese Ziele im Einklang mit den Werten und \u00dcberzeugungen des Unternehmens zu erreichen. Unter dieser Bedingung k\u00f6nnen alle Au\u00dfergew\u00f6hnliches leisten. In die Beziehung [&hellip;]<\/p>\n","protected":false},"author":2,"featured_media":1394,"parent":0,"menu_order":45,"comment_status":"closed","ping_status":"closed","template":"","meta":{"_acf_changed":false,"footnotes":""},"categorie-page":[136],"class_list":["post-2394","page","type-page","status-publish","has-post-thumbnail","hentry","categorie-page-talents"],"acf":[],"yoast_head":"<!-- This site is optimized with the Yoast SEO plugin v27.2 - https:\/\/yoast.com\/product\/yoast-seo-wordpress\/ -->\n<title>Ihre Karriere bei DELFINGEN | DELFINGEN<\/title>\n<meta name=\"robots\" content=\"index, follow, max-snippet:-1, max-image-preview:large, max-video-preview:-1\" \/>\n<link rel=\"canonical\" href=\"https:\/\/delfingen.com\/de\/ihre-karriere-bei-delfingen\/\" \/>\n<meta property=\"og:locale\" content=\"de_DE\" \/>\n<meta property=\"og:type\" content=\"article\" \/>\n<meta property=\"og:title\" content=\"Ihre Karriere bei DELFINGEN | DELFINGEN\" \/>\n<meta property=\"og:description\" content=\"Menschen machen den Unterschied Bedeutung geben DELFINGEN teilt seine Philosophie und Strategie mit allen, damit jeder Mitarbeiter sein Bestes geben kann. DELFINGEN gibt klare Zielvorgaben und stellt die Mittel zur Verf\u00fcgung, um diese Ziele im Einklang mit den Werten und \u00dcberzeugungen des Unternehmens zu erreichen. Unter dieser Bedingung k\u00f6nnen alle Au\u00dfergew\u00f6hnliches leisten. In die Beziehung [&hellip;]\" \/>\n<meta property=\"og:url\" content=\"https:\/\/delfingen.com\/de\/ihre-karriere-bei-delfingen\/\" \/>\n<meta property=\"og:site_name\" content=\"DELFINGEN\" \/>\n<meta property=\"article:modified_time\" content=\"2025-04-22T14:24:17+00:00\" \/>\n<meta property=\"og:image\" content=\"https:\/\/delfingen.com\/medias\/2017\/10\/votre-carriere-chez-delfingen.jpg\" \/>\n\t<meta property=\"og:image:width\" content=\"1920\" \/>\n\t<meta property=\"og:image:height\" content=\"505\" \/>\n\t<meta property=\"og:image:type\" content=\"image\/jpeg\" \/>\n<meta name=\"twitter:card\" content=\"summary_large_image\" \/>\n<meta name=\"twitter:label1\" content=\"Gesch\u00e4tzte Lesezeit\" \/>\n\t<meta name=\"twitter:data1\" content=\"3 minutes\" \/>\n<script type=\"application\/ld+json\" class=\"yoast-schema-graph\">{\"@context\":\"https:\/\/schema.org\",\"@graph\":[{\"@type\":\"WebPage\",\"@id\":\"https:\/\/delfingen.com\/de\/ihre-karriere-bei-delfingen\/\",\"url\":\"https:\/\/delfingen.com\/de\/ihre-karriere-bei-delfingen\/\",\"name\":\"Ihre Karriere bei DELFINGEN | DELFINGEN\",\"isPartOf\":{\"@id\":\"https:\/\/delfingen.com\/en\/#website\"},\"primaryImageOfPage\":{\"@id\":\"https:\/\/delfingen.com\/de\/ihre-karriere-bei-delfingen\/#primaryimage\"},\"image\":{\"@id\":\"https:\/\/delfingen.com\/de\/ihre-karriere-bei-delfingen\/#primaryimage\"},\"thumbnailUrl\":\"https:\/\/delfingen.com\/medias\/2017\/10\/votre-carriere-chez-delfingen.jpg\",\"datePublished\":\"2017-10-17T14:46:25+00:00\",\"dateModified\":\"2025-04-22T14:24:17+00:00\",\"inLanguage\":\"de-DE\",\"potentialAction\":[{\"@type\":\"ReadAction\",\"target\":[\"https:\/\/delfingen.com\/de\/ihre-karriere-bei-delfingen\/\"]}]},{\"@type\":\"ImageObject\",\"inLanguage\":\"de-DE\",\"@id\":\"https:\/\/delfingen.com\/de\/ihre-karriere-bei-delfingen\/#primaryimage\",\"url\":\"https:\/\/delfingen.com\/medias\/2017\/10\/votre-carriere-chez-delfingen.jpg\",\"contentUrl\":\"https:\/\/delfingen.com\/medias\/2017\/10\/votre-carriere-chez-delfingen.jpg\",\"width\":1920,\"height\":505},{\"@type\":\"WebSite\",\"@id\":\"https:\/\/delfingen.com\/en\/#website\",\"url\":\"https:\/\/delfingen.com\/en\/\",\"name\":\"DELFINGEN\",\"description\":\"\u00c9quipementier automobile mondial\",\"potentialAction\":[{\"@type\":\"SearchAction\",\"target\":{\"@type\":\"EntryPoint\",\"urlTemplate\":\"https:\/\/delfingen.com\/en\/?s={search_term_string}\"},\"query-input\":{\"@type\":\"PropertyValueSpecification\",\"valueRequired\":true,\"valueName\":\"search_term_string\"}}],\"inLanguage\":\"de-DE\"}]}<\/script>\n<!-- \/ Yoast SEO plugin. -->","yoast_head_json":{"title":"Ihre Karriere bei DELFINGEN | DELFINGEN","robots":{"index":"index","follow":"follow","max-snippet":"max-snippet:-1","max-image-preview":"max-image-preview:large","max-video-preview":"max-video-preview:-1"},"canonical":"https:\/\/delfingen.com\/de\/ihre-karriere-bei-delfingen\/","og_locale":"de_DE","og_type":"article","og_title":"Ihre Karriere bei DELFINGEN | DELFINGEN","og_description":"Menschen machen den Unterschied Bedeutung geben DELFINGEN teilt seine Philosophie und Strategie mit allen, damit jeder Mitarbeiter sein Bestes geben kann. DELFINGEN gibt klare Zielvorgaben und stellt die Mittel zur Verf\u00fcgung, um diese Ziele im Einklang mit den Werten und \u00dcberzeugungen des Unternehmens zu erreichen. Unter dieser Bedingung k\u00f6nnen alle Au\u00dfergew\u00f6hnliches leisten. In die Beziehung [&hellip;]","og_url":"https:\/\/delfingen.com\/de\/ihre-karriere-bei-delfingen\/","og_site_name":"DELFINGEN","article_modified_time":"2025-04-22T14:24:17+00:00","og_image":[{"width":1920,"height":505,"url":"https:\/\/delfingen.com\/medias\/2017\/10\/votre-carriere-chez-delfingen.jpg","type":"image\/jpeg"}],"twitter_card":"summary_large_image","twitter_misc":{"Gesch\u00e4tzte Lesezeit":"3 minutes"},"schema":{"@context":"https:\/\/schema.org","@graph":[{"@type":"WebPage","@id":"https:\/\/delfingen.com\/de\/ihre-karriere-bei-delfingen\/","url":"https:\/\/delfingen.com\/de\/ihre-karriere-bei-delfingen\/","name":"Ihre Karriere bei DELFINGEN | DELFINGEN","isPartOf":{"@id":"https:\/\/delfingen.com\/en\/#website"},"primaryImageOfPage":{"@id":"https:\/\/delfingen.com\/de\/ihre-karriere-bei-delfingen\/#primaryimage"},"image":{"@id":"https:\/\/delfingen.com\/de\/ihre-karriere-bei-delfingen\/#primaryimage"},"thumbnailUrl":"https:\/\/delfingen.com\/medias\/2017\/10\/votre-carriere-chez-delfingen.jpg","datePublished":"2017-10-17T14:46:25+00:00","dateModified":"2025-04-22T14:24:17+00:00","inLanguage":"de-DE","potentialAction":[{"@type":"ReadAction","target":["https:\/\/delfingen.com\/de\/ihre-karriere-bei-delfingen\/"]}]},{"@type":"ImageObject","inLanguage":"de-DE","@id":"https:\/\/delfingen.com\/de\/ihre-karriere-bei-delfingen\/#primaryimage","url":"https:\/\/delfingen.com\/medias\/2017\/10\/votre-carriere-chez-delfingen.jpg","contentUrl":"https:\/\/delfingen.com\/medias\/2017\/10\/votre-carriere-chez-delfingen.jpg","width":1920,"height":505},{"@type":"WebSite","@id":"https:\/\/delfingen.com\/en\/#website","url":"https:\/\/delfingen.com\/en\/","name":"DELFINGEN","description":"\u00c9quipementier automobile mondial","potentialAction":[{"@type":"SearchAction","target":{"@type":"EntryPoint","urlTemplate":"https:\/\/delfingen.com\/en\/?s={search_term_string}"},"query-input":{"@type":"PropertyValueSpecification","valueRequired":true,"valueName":"search_term_string"}}],"inLanguage":"de-DE"}]}},"_links":{"self":[{"href":"https:\/\/delfingen.com\/de\/wp-json\/wp\/v2\/pages\/2394","targetHints":{"allow":["GET"]}}],"collection":[{"href":"https:\/\/delfingen.com\/de\/wp-json\/wp\/v2\/pages"}],"about":[{"href":"https:\/\/delfingen.com\/de\/wp-json\/wp\/v2\/types\/page"}],"author":[{"embeddable":true,"href":"https:\/\/delfingen.com\/de\/wp-json\/wp\/v2\/users\/2"}],"replies":[{"embeddable":true,"href":"https:\/\/delfingen.com\/de\/wp-json\/wp\/v2\/comments?post=2394"}],"version-history":[{"count":5,"href":"https:\/\/delfingen.com\/de\/wp-json\/wp\/v2\/pages\/2394\/revisions"}],"predecessor-version":[{"id":25700,"href":"https:\/\/delfingen.com\/de\/wp-json\/wp\/v2\/pages\/2394\/revisions\/25700"}],"wp:featuredmedia":[{"embeddable":true,"href":"https:\/\/delfingen.com\/de\/wp-json\/wp\/v2\/media\/1394"}],"wp:attachment":[{"href":"https:\/\/delfingen.com\/de\/wp-json\/wp\/v2\/media?parent=2394"}],"wp:term":[{"taxonomy":"categorie-page","embeddable":true,"href":"https:\/\/delfingen.com\/de\/wp-json\/wp\/v2\/categorie-page?post=2394"}],"curies":[{"name":"wp","href":"https:\/\/api.w.org\/{rel}","templated":true}]}}