{"id":2395,"date":"2017-10-17T16:52:19","date_gmt":"2017-10-17T14:52:19","guid":{"rendered":"https:\/\/delfingen.com\/nous-rejoindre\/"},"modified":"2022-06-01T09:58:25","modified_gmt":"2022-06-01T07:58:25","slug":"seien-sie-teil-von-delfingen","status":"publish","type":"page","link":"https:\/\/delfingen.com\/de\/seien-sie-teil-von-delfingen\/","title":{"rendered":"Seien Sie Teil von DELFINGEN"},"content":{"rendered":"<h2>Geben Sie Ihrer Karriere den entscheidenden Kick<\/h2>\n<p>Wir sind st\u00e4ndig auf der Suche nach neuen Talenten, die Teil des Wachstums und der Entwicklung unserer Gruppe sein m\u00f6chten.<\/p>\n<p>Wenn Sie dynamisch, neugierig und pragmatisch sind und sich in einem Familienunternehmen engagieren m\u00f6chten, das international und marktf\u00fchrend ist, dann kommen Sie zu uns.<\/p>\n<p>Wir legen gro\u00dfen Wert darauf, dass Sie gut aufgenommen werden und eine gr\u00fcndliche Einarbeitung erhalten, um die besten Erfolgschancen von Anfang an zu f\u00f6rdern.<\/p>\n<p><a class=\"btn inverted\" href=\"https:\/\/delfingen.com\/de\/erfahrungsberichte\/\" target=\"_blank\" rel=\"noopener\">Lesen die Erfahrungsberichte<\/a><\/p>\n","protected":false},"excerpt":{"rendered":"<p>Geben Sie Ihrer Karriere den entscheidenden Kick Wir sind st\u00e4ndig auf der Suche nach neuen Talenten, die Teil des Wachstums und der Entwicklung unserer Gruppe sein m\u00f6chten. Wenn Sie dynamisch, neugierig und pragmatisch sind und sich in einem Familienunternehmen engagieren m\u00f6chten, das international und marktf\u00fchrend ist, dann kommen Sie zu uns. Wir legen gro\u00dfen Wert [&hellip;]<\/p>\n","protected":false},"author":2,"featured_media":1398,"parent":0,"menu_order":98,"comment_status":"closed","ping_status":"closed","template":"template-nous-rejoindre.php","meta":{"_acf_changed":false,"footnotes":""},"categorie-page":[136],"class_list":["post-2395","page","type-page","status-publish","has-post-thumbnail","hentry","categorie-page-talents"],"acf":[],"yoast_head":"<!-- This site is optimized with the Yoast SEO plugin v27.2 - https:\/\/yoast.com\/product\/yoast-seo-wordpress\/ -->\n<title>Seien Sie Teil von DELFINGEN | DELFINGEN<\/title>\n<meta name=\"robots\" content=\"index, follow, max-snippet:-1, max-image-preview:large, max-video-preview:-1\" \/>\n<link rel=\"canonical\" href=\"https:\/\/delfingen.com\/de\/seien-sie-teil-von-delfingen\/\" \/>\n<meta property=\"og:locale\" content=\"de_DE\" \/>\n<meta property=\"og:type\" content=\"article\" \/>\n<meta property=\"og:title\" content=\"Seien Sie Teil von DELFINGEN | DELFINGEN\" \/>\n<meta property=\"og:description\" content=\"Geben Sie Ihrer Karriere den entscheidenden Kick Wir sind st\u00e4ndig auf der Suche nach neuen Talenten, die Teil des Wachstums und der Entwicklung unserer Gruppe sein m\u00f6chten. Wenn Sie dynamisch, neugierig und pragmatisch sind und sich in einem Familienunternehmen engagieren m\u00f6chten, das international und marktf\u00fchrend ist, dann kommen Sie zu uns. Wir legen gro\u00dfen Wert [&hellip;]\" \/>\n<meta property=\"og:url\" content=\"https:\/\/delfingen.com\/de\/seien-sie-teil-von-delfingen\/\" \/>\n<meta property=\"og:site_name\" content=\"DELFINGEN\" \/>\n<meta property=\"article:modified_time\" content=\"2022-06-01T07:58:25+00:00\" \/>\n<meta property=\"og:image\" content=\"https:\/\/delfingen.com\/medias\/2017\/10\/nous-rejoindre-1.jpg\" \/>\n\t<meta property=\"og:image:width\" content=\"1920\" \/>\n\t<meta property=\"og:image:height\" content=\"790\" \/>\n\t<meta property=\"og:image:type\" content=\"image\/jpeg\" \/>\n<meta name=\"twitter:card\" content=\"summary_large_image\" \/>\n<meta name=\"twitter:label1\" content=\"Gesch\u00e4tzte Lesezeit\" \/>\n\t<meta name=\"twitter:data1\" content=\"1 minute\" \/>\n<script type=\"application\/ld+json\" class=\"yoast-schema-graph\">{\"@context\":\"https:\/\/schema.org\",\"@graph\":[{\"@type\":\"WebPage\",\"@id\":\"https:\/\/delfingen.com\/de\/seien-sie-teil-von-delfingen\/\",\"url\":\"https:\/\/delfingen.com\/de\/seien-sie-teil-von-delfingen\/\",\"name\":\"Seien Sie Teil von DELFINGEN | DELFINGEN\",\"isPartOf\":{\"@id\":\"https:\/\/delfingen.com\/en\/#website\"},\"primaryImageOfPage\":{\"@id\":\"https:\/\/delfingen.com\/de\/seien-sie-teil-von-delfingen\/#primaryimage\"},\"image\":{\"@id\":\"https:\/\/delfingen.com\/de\/seien-sie-teil-von-delfingen\/#primaryimage\"},\"thumbnailUrl\":\"https:\/\/delfingen.com\/medias\/2017\/10\/nous-rejoindre-1.jpg\",\"datePublished\":\"2017-10-17T14:52:19+00:00\",\"dateModified\":\"2022-06-01T07:58:25+00:00\",\"breadcrumb\":{\"@id\":\"https:\/\/delfingen.com\/de\/seien-sie-teil-von-delfingen\/#breadcrumb\"},\"inLanguage\":\"de-DE\",\"potentialAction\":[{\"@type\":\"ReadAction\",\"target\":[\"https:\/\/delfingen.com\/de\/seien-sie-teil-von-delfingen\/\"]}]},{\"@type\":\"ImageObject\",\"inLanguage\":\"de-DE\",\"@id\":\"https:\/\/delfingen.com\/de\/seien-sie-teil-von-delfingen\/#primaryimage\",\"url\":\"https:\/\/delfingen.com\/medias\/2017\/10\/nous-rejoindre-1.jpg\",\"contentUrl\":\"https:\/\/delfingen.com\/medias\/2017\/10\/nous-rejoindre-1.jpg\",\"width\":1920,\"height\":790},{\"@type\":\"BreadcrumbList\",\"@id\":\"https:\/\/delfingen.com\/de\/seien-sie-teil-von-delfingen\/#breadcrumb\",\"itemListElement\":[{\"@type\":\"ListItem\",\"position\":1,\"name\":\"Talents\",\"item\":\"https:\/\/delfingen.com\/categorie-page\/talents\/\"},{\"@type\":\"ListItem\",\"position\":2,\"name\":\"Seien Sie Teil von DELFINGEN\"}]},{\"@type\":\"WebSite\",\"@id\":\"https:\/\/delfingen.com\/en\/#website\",\"url\":\"https:\/\/delfingen.com\/en\/\",\"name\":\"DELFINGEN\",\"description\":\"\u00c9quipementier automobile mondial\",\"potentialAction\":[{\"@type\":\"SearchAction\",\"target\":{\"@type\":\"EntryPoint\",\"urlTemplate\":\"https:\/\/delfingen.com\/en\/?s={search_term_string}\"},\"query-input\":{\"@type\":\"PropertyValueSpecification\",\"valueRequired\":true,\"valueName\":\"search_term_string\"}}],\"inLanguage\":\"de-DE\"}]}<\/script>\n<!-- \/ Yoast SEO plugin. -->","yoast_head_json":{"title":"Seien Sie Teil von DELFINGEN | DELFINGEN","robots":{"index":"index","follow":"follow","max-snippet":"max-snippet:-1","max-image-preview":"max-image-preview:large","max-video-preview":"max-video-preview:-1"},"canonical":"https:\/\/delfingen.com\/de\/seien-sie-teil-von-delfingen\/","og_locale":"de_DE","og_type":"article","og_title":"Seien Sie Teil von DELFINGEN | DELFINGEN","og_description":"Geben Sie Ihrer Karriere den entscheidenden Kick Wir sind st\u00e4ndig auf der Suche nach neuen Talenten, die Teil des Wachstums und der Entwicklung unserer Gruppe sein m\u00f6chten. Wenn Sie dynamisch, neugierig und pragmatisch sind und sich in einem Familienunternehmen engagieren m\u00f6chten, das international und marktf\u00fchrend ist, dann kommen Sie zu uns. Wir legen gro\u00dfen Wert [&hellip;]","og_url":"https:\/\/delfingen.com\/de\/seien-sie-teil-von-delfingen\/","og_site_name":"DELFINGEN","article_modified_time":"2022-06-01T07:58:25+00:00","og_image":[{"width":1920,"height":790,"url":"https:\/\/delfingen.com\/medias\/2017\/10\/nous-rejoindre-1.jpg","type":"image\/jpeg"}],"twitter_card":"summary_large_image","twitter_misc":{"Gesch\u00e4tzte Lesezeit":"1 minute"},"schema":{"@context":"https:\/\/schema.org","@graph":[{"@type":"WebPage","@id":"https:\/\/delfingen.com\/de\/seien-sie-teil-von-delfingen\/","url":"https:\/\/delfingen.com\/de\/seien-sie-teil-von-delfingen\/","name":"Seien Sie Teil von DELFINGEN | DELFINGEN","isPartOf":{"@id":"https:\/\/delfingen.com\/en\/#website"},"primaryImageOfPage":{"@id":"https:\/\/delfingen.com\/de\/seien-sie-teil-von-delfingen\/#primaryimage"},"image":{"@id":"https:\/\/delfingen.com\/de\/seien-sie-teil-von-delfingen\/#primaryimage"},"thumbnailUrl":"https:\/\/delfingen.com\/medias\/2017\/10\/nous-rejoindre-1.jpg","datePublished":"2017-10-17T14:52:19+00:00","dateModified":"2022-06-01T07:58:25+00:00","breadcrumb":{"@id":"https:\/\/delfingen.com\/de\/seien-sie-teil-von-delfingen\/#breadcrumb"},"inLanguage":"de-DE","potentialAction":[{"@type":"ReadAction","target":["https:\/\/delfingen.com\/de\/seien-sie-teil-von-delfingen\/"]}]},{"@type":"ImageObject","inLanguage":"de-DE","@id":"https:\/\/delfingen.com\/de\/seien-sie-teil-von-delfingen\/#primaryimage","url":"https:\/\/delfingen.com\/medias\/2017\/10\/nous-rejoindre-1.jpg","contentUrl":"https:\/\/delfingen.com\/medias\/2017\/10\/nous-rejoindre-1.jpg","width":1920,"height":790},{"@type":"BreadcrumbList","@id":"https:\/\/delfingen.com\/de\/seien-sie-teil-von-delfingen\/#breadcrumb","itemListElement":[{"@type":"ListItem","position":1,"name":"Talents","item":"https:\/\/delfingen.com\/categorie-page\/talents\/"},{"@type":"ListItem","position":2,"name":"Seien Sie Teil von DELFINGEN"}]},{"@type":"WebSite","@id":"https:\/\/delfingen.com\/en\/#website","url":"https:\/\/delfingen.com\/en\/","name":"DELFINGEN","description":"\u00c9quipementier automobile mondial","potentialAction":[{"@type":"SearchAction","target":{"@type":"EntryPoint","urlTemplate":"https:\/\/delfingen.com\/en\/?s={search_term_string}"},"query-input":{"@type":"PropertyValueSpecification","valueRequired":true,"valueName":"search_term_string"}}],"inLanguage":"de-DE"}]}},"_links":{"self":[{"href":"https:\/\/delfingen.com\/de\/wp-json\/wp\/v2\/pages\/2395","targetHints":{"allow":["GET"]}}],"collection":[{"href":"https:\/\/delfingen.com\/de\/wp-json\/wp\/v2\/pages"}],"about":[{"href":"https:\/\/delfingen.com\/de\/wp-json\/wp\/v2\/types\/page"}],"author":[{"embeddable":true,"href":"https:\/\/delfingen.com\/de\/wp-json\/wp\/v2\/users\/2"}],"replies":[{"embeddable":true,"href":"https:\/\/delfingen.com\/de\/wp-json\/wp\/v2\/comments?post=2395"}],"version-history":[{"count":5,"href":"https:\/\/delfingen.com\/de\/wp-json\/wp\/v2\/pages\/2395\/revisions"}],"predecessor-version":[{"id":5196,"href":"https:\/\/delfingen.com\/de\/wp-json\/wp\/v2\/pages\/2395\/revisions\/5196"}],"wp:featuredmedia":[{"embeddable":true,"href":"https:\/\/delfingen.com\/de\/wp-json\/wp\/v2\/media\/1398"}],"wp:attachment":[{"href":"https:\/\/delfingen.com\/de\/wp-json\/wp\/v2\/media?parent=2395"}],"wp:term":[{"taxonomy":"categorie-page","embeddable":true,"href":"https:\/\/delfingen.com\/de\/wp-json\/wp\/v2\/categorie-page?post=2395"}],"curies":[{"name":"wp","href":"https:\/\/api.w.org\/{rel}","templated":true}]}}