{"id":26181,"date":"2025-07-28T09:55:41","date_gmt":"2025-07-28T07:55:41","guid":{"rendered":"https:\/\/delfingen.com\/?page_id=26181"},"modified":"2025-07-28T09:55:43","modified_gmt":"2025-07-28T07:55:43","slug":"digitale-barrierefreiheit","status":"publish","type":"page","link":"https:\/\/delfingen.com\/de\/digitale-barrierefreiheit\/","title":{"rendered":"Digitale Barrierefreiheit"},"content":{"rendered":"\n<p><strong>Unser Engagement f\u00fcr digitale Barrierefreiheit<\/strong><\/p>\n\n<p>Wir bei DELFINGEN sind der festen \u00dcberzeugung, dass das Internet f\u00fcr alle zug\u00e4nglich sein sollte. Inklusion steht im Mittelpunkt unserer Werte, und wir sind bestrebt, allen Besuchern unabh\u00e4ngig von ihren Lebensumst\u00e4nden ein optimales Browsing-Erlebnis zu bieten.<\/p>\n\n<p>Aus diesem Grund haben wir bereits weit vor Ablauf der in der neuen europ\u00e4ischen Verordnung festgelegten Frist bis 2030 mit umfangreichen Arbeiten zur Verbesserung der Barrierefreiheit unserer bestehenden Websites begonnen. Bei jeder neuen Website, die wir ver\u00f6ffentlichen, wird die Einhaltung der Barrierefreiheitsstandards von Anfang an Priorit\u00e4t haben. Wir tun alles in unserer Macht Stehende, um sicherzustellen, dass unsere Plattformen unser Engagement f\u00fcr ein inklusiveres Internet widerspiegeln.<\/p>\n\n<p><\/p>\n\n<p><\/p>\n\n<p><\/p>\n\n<p><\/p>\n\n<p><\/p>\n","protected":false},"excerpt":{"rendered":"<p>Unser Engagement f\u00fcr digitale Barrierefreiheit Wir bei DELFINGEN sind der festen \u00dcberzeugung, dass das Internet f\u00fcr alle zug\u00e4nglich sein sollte. Inklusion steht im Mittelpunkt unserer Werte, und wir sind bestrebt, allen Besuchern unabh\u00e4ngig von ihren Lebensumst\u00e4nden ein optimales Browsing-Erlebnis zu bieten. Aus diesem Grund haben wir bereits weit vor Ablauf der in der neuen europ\u00e4ischen [&hellip;]<\/p>\n","protected":false},"author":25,"featured_media":26173,"parent":0,"menu_order":0,"comment_status":"closed","ping_status":"closed","template":"","meta":{"_acf_changed":false,"footnotes":""},"categorie-page":[],"class_list":["post-26181","page","type-page","status-publish","has-post-thumbnail","hentry"],"acf":[],"yoast_head":"<!-- This site is optimized with the Yoast SEO plugin v27.2 - https:\/\/yoast.com\/product\/yoast-seo-wordpress\/ -->\n<title>Digitale Barrierefreiheit | DELFINGEN<\/title>\n<meta name=\"robots\" content=\"index, follow, max-snippet:-1, max-image-preview:large, max-video-preview:-1\" \/>\n<link rel=\"canonical\" href=\"https:\/\/delfingen.com\/de\/digitale-barrierefreiheit\/\" \/>\n<meta property=\"og:locale\" content=\"de_DE\" \/>\n<meta property=\"og:type\" content=\"article\" \/>\n<meta property=\"og:title\" content=\"Digitale Barrierefreiheit | DELFINGEN\" \/>\n<meta property=\"og:description\" content=\"Unser Engagement f\u00fcr digitale Barrierefreiheit Wir bei DELFINGEN sind der festen \u00dcberzeugung, dass das Internet f\u00fcr alle zug\u00e4nglich sein sollte. Inklusion steht im Mittelpunkt unserer Werte, und wir sind bestrebt, allen Besuchern unabh\u00e4ngig von ihren Lebensumst\u00e4nden ein optimales Browsing-Erlebnis zu bieten. Aus diesem Grund haben wir bereits weit vor Ablauf der in der neuen europ\u00e4ischen [&hellip;]\" \/>\n<meta property=\"og:url\" content=\"https:\/\/delfingen.com\/de\/digitale-barrierefreiheit\/\" \/>\n<meta property=\"og:site_name\" content=\"DELFINGEN\" \/>\n<meta property=\"article:modified_time\" content=\"2025-07-28T07:55:43+00:00\" \/>\n<meta property=\"og:image\" content=\"https:\/\/delfingen.com\/medias\/2149546168.jpg\" \/>\n\t<meta property=\"og:image:width\" content=\"2000\" \/>\n\t<meta property=\"og:image:height\" content=\"1333\" \/>\n\t<meta property=\"og:image:type\" content=\"image\/jpeg\" \/>\n<meta name=\"twitter:card\" content=\"summary_large_image\" \/>\n<meta name=\"twitter:label1\" content=\"Gesch\u00e4tzte Lesezeit\" \/>\n\t<meta name=\"twitter:data1\" content=\"1 minute\" \/>\n<script type=\"application\/ld+json\" class=\"yoast-schema-graph\">{\"@context\":\"https:\/\/schema.org\",\"@graph\":[{\"@type\":\"WebPage\",\"@id\":\"https:\/\/delfingen.com\/de\/digitale-barrierefreiheit\/\",\"url\":\"https:\/\/delfingen.com\/de\/digitale-barrierefreiheit\/\",\"name\":\"Digitale Barrierefreiheit | DELFINGEN\",\"isPartOf\":{\"@id\":\"https:\/\/delfingen.com\/en\/#website\"},\"primaryImageOfPage\":{\"@id\":\"https:\/\/delfingen.com\/de\/digitale-barrierefreiheit\/#primaryimage\"},\"image\":{\"@id\":\"https:\/\/delfingen.com\/de\/digitale-barrierefreiheit\/#primaryimage\"},\"thumbnailUrl\":\"https:\/\/delfingen.com\/medias\/2149546168.jpg\",\"datePublished\":\"2025-07-28T07:55:41+00:00\",\"dateModified\":\"2025-07-28T07:55:43+00:00\",\"inLanguage\":\"de-DE\",\"potentialAction\":[{\"@type\":\"ReadAction\",\"target\":[\"https:\/\/delfingen.com\/de\/digitale-barrierefreiheit\/\"]}]},{\"@type\":\"ImageObject\",\"inLanguage\":\"de-DE\",\"@id\":\"https:\/\/delfingen.com\/de\/digitale-barrierefreiheit\/#primaryimage\",\"url\":\"https:\/\/delfingen.com\/medias\/2149546168.jpg\",\"contentUrl\":\"https:\/\/delfingen.com\/medias\/2149546168.jpg\",\"width\":2000,\"height\":1333},{\"@type\":\"WebSite\",\"@id\":\"https:\/\/delfingen.com\/en\/#website\",\"url\":\"https:\/\/delfingen.com\/en\/\",\"name\":\"DELFINGEN\",\"description\":\"\u00c9quipementier automobile mondial\",\"potentialAction\":[{\"@type\":\"SearchAction\",\"target\":{\"@type\":\"EntryPoint\",\"urlTemplate\":\"https:\/\/delfingen.com\/en\/?s={search_term_string}\"},\"query-input\":{\"@type\":\"PropertyValueSpecification\",\"valueRequired\":true,\"valueName\":\"search_term_string\"}}],\"inLanguage\":\"de-DE\"}]}<\/script>\n<!-- \/ Yoast SEO plugin. -->","yoast_head_json":{"title":"Digitale Barrierefreiheit | DELFINGEN","robots":{"index":"index","follow":"follow","max-snippet":"max-snippet:-1","max-image-preview":"max-image-preview:large","max-video-preview":"max-video-preview:-1"},"canonical":"https:\/\/delfingen.com\/de\/digitale-barrierefreiheit\/","og_locale":"de_DE","og_type":"article","og_title":"Digitale Barrierefreiheit | DELFINGEN","og_description":"Unser Engagement f\u00fcr digitale Barrierefreiheit Wir bei DELFINGEN sind der festen \u00dcberzeugung, dass das Internet f\u00fcr alle zug\u00e4nglich sein sollte. Inklusion steht im Mittelpunkt unserer Werte, und wir sind bestrebt, allen Besuchern unabh\u00e4ngig von ihren Lebensumst\u00e4nden ein optimales Browsing-Erlebnis zu bieten. Aus diesem Grund haben wir bereits weit vor Ablauf der in der neuen europ\u00e4ischen [&hellip;]","og_url":"https:\/\/delfingen.com\/de\/digitale-barrierefreiheit\/","og_site_name":"DELFINGEN","article_modified_time":"2025-07-28T07:55:43+00:00","og_image":[{"width":2000,"height":1333,"url":"https:\/\/delfingen.com\/medias\/2149546168.jpg","type":"image\/jpeg"}],"twitter_card":"summary_large_image","twitter_misc":{"Gesch\u00e4tzte Lesezeit":"1 minute"},"schema":{"@context":"https:\/\/schema.org","@graph":[{"@type":"WebPage","@id":"https:\/\/delfingen.com\/de\/digitale-barrierefreiheit\/","url":"https:\/\/delfingen.com\/de\/digitale-barrierefreiheit\/","name":"Digitale Barrierefreiheit | DELFINGEN","isPartOf":{"@id":"https:\/\/delfingen.com\/en\/#website"},"primaryImageOfPage":{"@id":"https:\/\/delfingen.com\/de\/digitale-barrierefreiheit\/#primaryimage"},"image":{"@id":"https:\/\/delfingen.com\/de\/digitale-barrierefreiheit\/#primaryimage"},"thumbnailUrl":"https:\/\/delfingen.com\/medias\/2149546168.jpg","datePublished":"2025-07-28T07:55:41+00:00","dateModified":"2025-07-28T07:55:43+00:00","inLanguage":"de-DE","potentialAction":[{"@type":"ReadAction","target":["https:\/\/delfingen.com\/de\/digitale-barrierefreiheit\/"]}]},{"@type":"ImageObject","inLanguage":"de-DE","@id":"https:\/\/delfingen.com\/de\/digitale-barrierefreiheit\/#primaryimage","url":"https:\/\/delfingen.com\/medias\/2149546168.jpg","contentUrl":"https:\/\/delfingen.com\/medias\/2149546168.jpg","width":2000,"height":1333},{"@type":"WebSite","@id":"https:\/\/delfingen.com\/en\/#website","url":"https:\/\/delfingen.com\/en\/","name":"DELFINGEN","description":"\u00c9quipementier automobile mondial","potentialAction":[{"@type":"SearchAction","target":{"@type":"EntryPoint","urlTemplate":"https:\/\/delfingen.com\/en\/?s={search_term_string}"},"query-input":{"@type":"PropertyValueSpecification","valueRequired":true,"valueName":"search_term_string"}}],"inLanguage":"de-DE"}]}},"_links":{"self":[{"href":"https:\/\/delfingen.com\/de\/wp-json\/wp\/v2\/pages\/26181","targetHints":{"allow":["GET"]}}],"collection":[{"href":"https:\/\/delfingen.com\/de\/wp-json\/wp\/v2\/pages"}],"about":[{"href":"https:\/\/delfingen.com\/de\/wp-json\/wp\/v2\/types\/page"}],"author":[{"embeddable":true,"href":"https:\/\/delfingen.com\/de\/wp-json\/wp\/v2\/users\/25"}],"replies":[{"embeddable":true,"href":"https:\/\/delfingen.com\/de\/wp-json\/wp\/v2\/comments?post=26181"}],"version-history":[{"count":1,"href":"https:\/\/delfingen.com\/de\/wp-json\/wp\/v2\/pages\/26181\/revisions"}],"predecessor-version":[{"id":26182,"href":"https:\/\/delfingen.com\/de\/wp-json\/wp\/v2\/pages\/26181\/revisions\/26182"}],"wp:featuredmedia":[{"embeddable":true,"href":"https:\/\/delfingen.com\/de\/wp-json\/wp\/v2\/media\/26173"}],"wp:attachment":[{"href":"https:\/\/delfingen.com\/de\/wp-json\/wp\/v2\/media?parent=26181"}],"wp:term":[{"taxonomy":"categorie-page","embeddable":true,"href":"https:\/\/delfingen.com\/de\/wp-json\/wp\/v2\/categorie-page?post=26181"}],"curies":[{"name":"wp","href":"https:\/\/api.w.org\/{rel}","templated":true}]}}