{"id":4812,"date":"2017-09-08T14:21:45","date_gmt":"2017-09-08T12:21:45","guid":{"rendered":"https:\/\/delfingen.com\/les-produits-delfingen\/"},"modified":"2017-11-29T13:45:02","modified_gmt":"2017-11-29T12:45:02","slug":"delfingen-produkte","status":"publish","type":"page","link":"https:\/\/delfingen.com\/de\/delfingen-produkte\/","title":{"rendered":"DELFINGEN Produkte"},"content":{"rendered":"<p><span style=\"font-weight: 400;\">Unabh\u00e4ngig von seinen Bed\u00fcrfnissen steht bei uns immer der Kunde im Mittelpunkt. Wir bieten Komplettl\u00f6sungen f\u00fcr all ihre Anforderungen: ein breites Produktspektrum, Kundenindividualisierung und damit verbundene Dienstleistungen. Kundenn\u00e4he und Kundenzufriedenheit sind unsere Priorit\u00e4t<\/span>.<\/p>\n","protected":false},"excerpt":{"rendered":"<p>Unabh\u00e4ngig von seinen Bed\u00fcrfnissen steht bei uns immer der Kunde im Mittelpunkt. Wir bieten Komplettl\u00f6sungen f\u00fcr all ihre Anforderungen: ein breites Produktspektrum, Kundenindividualisierung und damit verbundene Dienstleistungen. Kundenn\u00e4he und Kundenzufriedenheit sind unsere Priorit\u00e4t.<\/p>\n","protected":false},"author":2,"featured_media":0,"parent":0,"menu_order":159,"comment_status":"closed","ping_status":"closed","template":"template-les-produits-delfingen.php","meta":{"_acf_changed":false,"footnotes":""},"categorie-page":[],"class_list":["post-4812","page","type-page","status-publish","hentry"],"acf":[],"yoast_head":"<!-- This site is optimized with the Yoast SEO plugin v27.2 - https:\/\/yoast.com\/product\/yoast-seo-wordpress\/ -->\n<title>DELFINGEN Produkte | DELFINGEN<\/title>\n<meta name=\"robots\" content=\"index, follow, max-snippet:-1, max-image-preview:large, max-video-preview:-1\" \/>\n<link rel=\"canonical\" href=\"https:\/\/delfingen.com\/de\/delfingen-produkte\/\" \/>\n<meta property=\"og:locale\" content=\"de_DE\" \/>\n<meta property=\"og:type\" content=\"article\" \/>\n<meta property=\"og:title\" content=\"DELFINGEN Produkte | DELFINGEN\" \/>\n<meta property=\"og:description\" content=\"Unabh\u00e4ngig von seinen Bed\u00fcrfnissen steht bei uns immer der Kunde im Mittelpunkt. Wir bieten Komplettl\u00f6sungen f\u00fcr all ihre Anforderungen: ein breites Produktspektrum, Kundenindividualisierung und damit verbundene Dienstleistungen. Kundenn\u00e4he und Kundenzufriedenheit sind unsere Priorit\u00e4t.\" \/>\n<meta property=\"og:url\" content=\"https:\/\/delfingen.com\/de\/delfingen-produkte\/\" \/>\n<meta property=\"og:site_name\" content=\"DELFINGEN\" \/>\n<meta property=\"article:modified_time\" content=\"2017-11-29T12:45:02+00:00\" \/>\n<meta name=\"twitter:card\" content=\"summary_large_image\" \/>\n<script type=\"application\/ld+json\" class=\"yoast-schema-graph\">{\"@context\":\"https:\/\/schema.org\",\"@graph\":[{\"@type\":\"WebPage\",\"@id\":\"https:\/\/delfingen.com\/de\/delfingen-produkte\/\",\"url\":\"https:\/\/delfingen.com\/de\/delfingen-produkte\/\",\"name\":\"DELFINGEN Produkte | DELFINGEN\",\"isPartOf\":{\"@id\":\"https:\/\/delfingen.com\/en\/#website\"},\"datePublished\":\"2017-09-08T12:21:45+00:00\",\"dateModified\":\"2017-11-29T12:45:02+00:00\",\"inLanguage\":\"de-DE\",\"potentialAction\":[{\"@type\":\"ReadAction\",\"target\":[\"https:\/\/delfingen.com\/de\/delfingen-produkte\/\"]}]},{\"@type\":\"WebSite\",\"@id\":\"https:\/\/delfingen.com\/en\/#website\",\"url\":\"https:\/\/delfingen.com\/en\/\",\"name\":\"DELFINGEN\",\"description\":\"\u00c9quipementier automobile mondial\",\"potentialAction\":[{\"@type\":\"SearchAction\",\"target\":{\"@type\":\"EntryPoint\",\"urlTemplate\":\"https:\/\/delfingen.com\/en\/?s={search_term_string}\"},\"query-input\":{\"@type\":\"PropertyValueSpecification\",\"valueRequired\":true,\"valueName\":\"search_term_string\"}}],\"inLanguage\":\"de-DE\"}]}<\/script>\n<!-- \/ Yoast SEO plugin. -->","yoast_head_json":{"title":"DELFINGEN Produkte | DELFINGEN","robots":{"index":"index","follow":"follow","max-snippet":"max-snippet:-1","max-image-preview":"max-image-preview:large","max-video-preview":"max-video-preview:-1"},"canonical":"https:\/\/delfingen.com\/de\/delfingen-produkte\/","og_locale":"de_DE","og_type":"article","og_title":"DELFINGEN Produkte | DELFINGEN","og_description":"Unabh\u00e4ngig von seinen Bed\u00fcrfnissen steht bei uns immer der Kunde im Mittelpunkt. Wir bieten Komplettl\u00f6sungen f\u00fcr all ihre Anforderungen: ein breites Produktspektrum, Kundenindividualisierung und damit verbundene Dienstleistungen. Kundenn\u00e4he und Kundenzufriedenheit sind unsere Priorit\u00e4t.","og_url":"https:\/\/delfingen.com\/de\/delfingen-produkte\/","og_site_name":"DELFINGEN","article_modified_time":"2017-11-29T12:45:02+00:00","twitter_card":"summary_large_image","schema":{"@context":"https:\/\/schema.org","@graph":[{"@type":"WebPage","@id":"https:\/\/delfingen.com\/de\/delfingen-produkte\/","url":"https:\/\/delfingen.com\/de\/delfingen-produkte\/","name":"DELFINGEN Produkte | DELFINGEN","isPartOf":{"@id":"https:\/\/delfingen.com\/en\/#website"},"datePublished":"2017-09-08T12:21:45+00:00","dateModified":"2017-11-29T12:45:02+00:00","inLanguage":"de-DE","potentialAction":[{"@type":"ReadAction","target":["https:\/\/delfingen.com\/de\/delfingen-produkte\/"]}]},{"@type":"WebSite","@id":"https:\/\/delfingen.com\/en\/#website","url":"https:\/\/delfingen.com\/en\/","name":"DELFINGEN","description":"\u00c9quipementier automobile mondial","potentialAction":[{"@type":"SearchAction","target":{"@type":"EntryPoint","urlTemplate":"https:\/\/delfingen.com\/en\/?s={search_term_string}"},"query-input":{"@type":"PropertyValueSpecification","valueRequired":true,"valueName":"search_term_string"}}],"inLanguage":"de-DE"}]}},"_links":{"self":[{"href":"https:\/\/delfingen.com\/de\/wp-json\/wp\/v2\/pages\/4812","targetHints":{"allow":["GET"]}}],"collection":[{"href":"https:\/\/delfingen.com\/de\/wp-json\/wp\/v2\/pages"}],"about":[{"href":"https:\/\/delfingen.com\/de\/wp-json\/wp\/v2\/types\/page"}],"author":[{"embeddable":true,"href":"https:\/\/delfingen.com\/de\/wp-json\/wp\/v2\/users\/2"}],"replies":[{"embeddable":true,"href":"https:\/\/delfingen.com\/de\/wp-json\/wp\/v2\/comments?post=4812"}],"version-history":[{"count":3,"href":"https:\/\/delfingen.com\/de\/wp-json\/wp\/v2\/pages\/4812\/revisions"}],"predecessor-version":[{"id":4955,"href":"https:\/\/delfingen.com\/de\/wp-json\/wp\/v2\/pages\/4812\/revisions\/4955"}],"wp:attachment":[{"href":"https:\/\/delfingen.com\/de\/wp-json\/wp\/v2\/media?parent=4812"}],"wp:term":[{"taxonomy":"categorie-page","embeddable":true,"href":"https:\/\/delfingen.com\/de\/wp-json\/wp\/v2\/categorie-page?post=4812"}],"curies":[{"name":"wp","href":"https:\/\/api.w.org\/{rel}","templated":true}]}}