{"id":5043,"date":"2017-09-06T15:33:57","date_gmt":"2017-09-06T13:33:57","guid":{"rendered":"https:\/\/delfingen.com\/cookies-personal-data\/"},"modified":"2025-07-21T09:59:13","modified_gmt":"2025-07-21T07:59:13","slug":"datenschutz-und-cookies","status":"publish","type":"page","link":"https:\/\/delfingen.com\/de\/datenschutz-und-cookies\/","title":{"rendered":"Datenschutz und Cookies"},"content":{"rendered":"<h2>DATENSCHUTZPOLITIK<\/h2>\n<h3>Vorwort<\/h3>\n<p>Die DELFINGEN und ihre Tochterfirmen (nachfolgend &#8220;DELFINGEN&#8221; oder &#8220;die DELFINGEN-Gruppe&#8221;) legen viel Wert auf die Einhaltung des Privatlebens und den Schutz personenbezogener Daten.<\/p>\n<p>Diesbez\u00fcglich verpflichtet sich DELFINGEN zur Umsetzung entsprechender Ma\u00dfnahmen zum Schutz personenbezogener Daten und insbesondere zur Verarbeitung dieser Daten unter Einhaltung der geltenden Verordnung (ge\u00e4ndertes Datenschutzgesetz Nr. 78-17 vom 6. Januar 1978 sowie Europ\u00e4ische Verordnung 2016\/679 vom 27. April 2016 (Allgemeine Datenschutz-Grundverordnung).<\/p>\n<p>Das Aufrufen dieser Seite ist m\u00f6glich, ohne dass der Internetnutzer seine Identit\u00e4t oder sonstige personenbezogene Daten \u00fcber ihn preisgeben muss, au\u00dfer er bewirbt sich auf eine Stellenanzeige, \u00fcbermittelt Informationen im Rahmen einer Initiativbewerbung, nutzt das Kontaktformular oder das Formular zum Aus\u00fcben seiner Rechte.<\/p>\n<h3>Wie werden Ihre Daten erhoben und gesammelt?<\/h3>\n<p>Die personenbezogenen Daten, die auf der Website erhoben werden k\u00f6nnen, stammen aus der freiwilligen Kommunikation \u00fcber das Kontaktformular oder das Formular f\u00fcr die Aus\u00fcbung der Rechte auf der Website. Die personenbezogenen Daten k\u00f6nnen ebenfalls erhoben werden, wenn sich der Internetnutzer auf eine Stellenanzeige bewirbt oder eine Initiativbewerbung einreicht.<\/p>\n<p>Diese Daten richten sich ausschlie\u00dflich an DELFINGEN und werden ohne die vorherige Zustimmung der betroffenen Person nicht an Dritte weitergegeben.<\/p>\n<p>Wir k\u00f6nnen folgende Daten erheben:<\/p>\n<p>Die Daten, die der Internetnutzer liefert, wenn er das Kontaktformular im Rahmen einer Gesch\u00e4ftsbeziehung ausf\u00fcllt oder um einen speziellen Service zu erhalten;<\/p>\n<p>Die Daten, die der Internetnutzer liefert, wenn er das Formular f\u00fcr die Aus\u00fcbung seiner Zugriffsrechte auf seine pers\u00f6nlichen Daten ausf\u00fcllt;<\/p>\n<p>Die erhobenen Daten, wenn sich der Internetnutzer auf eine Stelle bewirbt oder eine Initiativbewerbung einreicht;<\/p>\n<p>Die Daten f\u00fcr das Surfen des Internetnutzers auf der Website von DELFINGEN und insbesondere die Daten f\u00fcr Cookies.<\/p>\n<h3>Zu welchem Zweck nutzen wir Ihre personenbezogenen Daten?<\/h3>\n<p>Die vom Internetnutzer an DELFINGEN \u00fcbermittelten personenbezogenen Daten werden haupts\u00e4chlich f\u00fcr die Steuerung der Beziehungen zwischen dem Internetnutzer und DELFINGEN verwendet und werden nicht \u00fcber die erforderliche Nutzungszeit hinaus f\u00fcr die Bearbeitung der vom Internetnutzer gestellten Anfrage gespeichert. Sie werden unter der Einhaltung der gesetzlichen und beh\u00f6rdlichen Bestimmungen gespeichert.<\/p>\n<p>Die erhobenen und f\u00fcr DELFINGEN oder die DELFINGEN Gruppe unerl\u00e4sslichen Daten werden bei der Dateneingabe durch ein Sternchen gekennzeichnet. Die optionalen Felder dienen dazu, den Internetnutzer besser kennenzulernen.<\/p>\n<p>Die erhobenen Daten werden elektronisch verarbeitet.<\/p>\n<h3>Wie werden Ihre Daten \u00fcbermittelt?<\/h3>\n<p>F\u00fcr die Bearbeitung des vom Internetnutzer gestellten Antrags (Kontaktformular oder Initiativbewerbung) kann DELFINGEN dazu angehalten sein, die personenbezogenen Daten des Internetnutzers in L\u00e4nder au\u00dferhalb der Europ\u00e4ischen Union zu \u00fcbermitteln und zwar einzig und allein in dem den Mitarbeitern von DELFINGEN vorbehaltenen Umfang.<\/p>\n<p>Die Verwaltung dieser Daten und deren Verarbeitung beschr\u00e4nken sich allein auf die Zwecke, f\u00fcr die sie erhoben wurden und unter der Einhaltung der geltenden Bestimmungen und Verordnungen zum Datenschutz.<\/p>\n<p>F\u00fcr die Bearbeitung der Anfragen des Internetnutzers k\u00f6nnen die erhobenen personenbezogenen Daten an die betreffende Tochtergesellschaft au\u00dferhalb der Europ\u00e4ischen Union weitergeleitet werden.<\/p>\n<h3>Speicherung der personenbezogenen Daten<\/h3>\n<p>F\u00fcr die Weiterf\u00fchrung der oben genannten Zwecke werden die vom Internetnutzer \u00fcbermittelten personenbezogenen Daten von DELFINGEN unter der Einhaltung rechtlicher Vorschriften gespeichert. Werden die Daten nicht mehr verwendet, werden sie gel\u00f6scht.<\/p>\n<h3>Rechte betroffener Personen<\/h3>\n<p>Der Internetnutzer sowie s\u00e4mtliche andere Personen, deren personenbezogene Daten von DELFINGEN bearbeitet wurden, haben ein Recht auf Zugriff, Berichtigung, L\u00f6schung, Einschr\u00e4nkung und Widerspruch bez\u00fcglich der Bearbeitung der personenbezogenen Daten.<\/p>\n<p>F\u00fcr die Aus\u00fcbung dieses Rechts kann der Internetnutzer DELFINGEN kontaktieren:<\/p>\n<ul>\n<li>Unter der Adresse des Unternehmensstandortes w\u00e4hrend der \u00d6ffnungszeiten in Geb\u00e4ude 1;<\/li>\n<li>Per E-Mail an folgende Adresse: personaldata@delfingen.com;<\/li>\n<li>Durch Ausf\u00fcllen des folgenden Formulars.<\/li>\n<li>Per Post an nachfolgende Adresse: DELFINGEN SA DPO &#8211; Legal Department Rue Emile Streit 25340 ANTEUIL FRANKREICH Besuchen Sie die Website cnil.fr, falls Sie mehr Informationen \u00fcber Ihre Rechte w\u00fcnschen.<\/li>\n<\/ul>\n<h3>Newsletters<\/h3>\n<p>\u00dcber diese Website kann sich der Internetnutzer daf\u00fcr entscheiden, den Newsletter der DELFINGEN-Stiftung zu abonnieren. Er wird um die Bereitstellung personenbezogener Daten wie beispielsweise seine E-Mail Adresse gebeten. Der Internetnutzer kann jederzeit seine Zustimmung zur\u00fcckziehen und hierf\u00fcr die Schaltfl\u00e4che &#8220;Newsletter abbestellen&#8221; unten nach dem Newsletter-Text anklicken.<\/p>\n<p>Die personenbezogenen Daten des Internetnutzers werden elektronisch verarbeitet und sind f\u00fcr die Zusendung des Newsletters bestimmt. Entsprechend der Datenschutz-Grundverordnung (DSGVO) wird der Internetnutzer dar\u00fcber informiert, dass er ein Recht auf Zugriff, Widerspruch, Berichtigung und L\u00f6schung seiner personenbezogenen Daten hat, wie im Abschnitt \u201eRechte betroffener Personen\u201c erw\u00e4hnt.<\/p>\n<p>DELFINGEN verpflichtet sich dazu, die vom Internetnutzer im Rahmen der Nutzung der Website \u00fcbermittelten personenbezogenen Daten vertraulich zu behandeln.<\/p>\n<h3>Kontaktformular:<\/h3>\n<p>Die \u00fcber das Kontaktformular auf dieser Website erhobenen Daten werden von DELFINGEN in einer Datei gespeichert, um die Anfrage des Internetnutzers bestm\u00f6glich bearbeiten zu k\u00f6nnen. Mit der Validierung dieses Formulars akzeptiert der Internetnutzer, dass DELFINGEN die bereitgestellten personenbezogenen Daten verarbeitet und stimmt dem zu.<\/p>\n<p>Die erhobenen Daten werden lediglich den entsprechenden Bestimmern \u00fcbermittelt, die die vom Internetnutzer eingereichte Anfrage bearbeiten. Je nach Gegenstand der Anfrage k\u00f6nnen die Empf\u00e4nger die erhobenen Daten au\u00dferhalb der Europ\u00e4ischen Union in einem von DELFINGEN abgesteckten Umfang bearbeiten.<\/p>\n<p>Diese personenbezogenen Daten werden lediglich w\u00e4hrend des unbedingt f\u00fcr die Bearbeitung der Anfrage erforderlichen Zeitraums gespeichert und anschlie\u00dfend innerhalb der geltenden gesetzlichen Fristen gel\u00f6scht. Entsprechend dem Abschnitt \u201eRecht der betroffenen Personen\u201c genie\u00dft der Internetnutzer ein Recht auf Zugriff, Berichtigung, L\u00f6schung und Einschr\u00e4nkung der Daten, die er \u00fcbermittelt hat. Der Internetnutzer kann auch jederzeit seine Zustimmung bez\u00fcglich der Bearbeitung seiner personenbezogenen Daten zur\u00fcckziehen, sich widersetzen und sein Recht auf Daten\u00fcbertragbarkeit aus\u00fcben.<\/p>\n<h3>Datenschutzbeauftragter<\/h3>\n<p>Die DELFINGEN ist f\u00fcr die Verarbeitung der personenbezogenen Daten, die sie erhebt verantwortlich.<\/p>\n<ul>\n<li>Name: DELFINGEN<\/li>\n<li>SIREN: 354 013 575<\/li>\n<li>Rechtsform: Soci\u00e9t\u00e9 Anonyme (franz\u00f6sische Aktiengesellschaft)<\/li>\n<li>Adresse: Rue Emile Streit, 25340 Anteuil, Frankreich<\/li>\n<li>Gesch\u00e4ftsf\u00fchrer: G\u00e9rald STREIT<\/li>\n<li>Kontakt E-Mail Adresse: personaldata@delfingen.com<\/li>\n<\/ul>\n<h4>Sicherheit<\/h4>\n<p>Die DELFINGEN trifft technische und betriebliche Sicherheitsvorkehrungen zum Schutz der von ihr verwalteten personenbezogenen Daten gegen jegliche \u00c4nderung, Verlust, Zerst\u00f6rung oder Nutzung durch Unberechtigte. Die eingesetzten Sicherheitsma\u00dfnahmen unterliegen konstanten \u00c4nderungen und richten sich nach den technologischen Entwicklungen. DELFINGEN verpflichtet au\u00dferdem seine Subunternehmen in Sachen IT zur Verarbeitung personenbezogener Daten in Verbindung mit der Website zu einem zumindest gleichwertigen oder \u00e4hnlichen Sicherheitsniveau wie das von DELFINGEN selbst. Au\u00dferdem ist die Website ausschlie\u00dflich in Datenzentren in Frankreich, in Besan\u00e7on und Paris gehostet.<\/p>\n<p>Falls der Internetnutzer w\u00e4hrend der Nutzung der Website zuf\u00e4llig oder b\u00f6swillig Zugriff zu personenbezogenen Daten hat, muss er davon absehen, diese zu erheben oder unberechtigt zu verwenden und darf keinerlei Handlung vornehmen, die dem Privatleben oder dem Ruf von Personen schadet. DELFINGEN lehnt diesbez\u00fcglich jegliche Haftung ab. Der Internetnutzer verpflichtet sich dazu, DELFINGEN unverz\u00fcglich mit s\u00e4mtlichen Mitteln dar\u00fcber in Kenntnis zu setzen.<\/p>\n<h2><strong>Cookies:<\/strong><\/h2>\n<p>The user is informed that the site has set up a system for automatic collection of standard information such as the user&#8217;s IP address, commonly called &#8220;cookies&#8221;.<\/p>\n<h3>What is a cookie?<\/h3>\n<p>A cookie is a small text file with a unique identifier, placed directly on the hard disk of the internet user&#8217;s equipment each time he visits a site.<\/p>\n<p>All data collected indirectly will be used only to monitor the volume, type and configuration of the traffic using this site, in order to allow easy browsing of the site, the compiling of frequency statistics and for other administrative purposes and, more generally, to improve the services offered by the site.<\/p>\n<p>The internet user can disable the sending of cookies by altering the settings of his browser.<\/p>\n<h3>What cookies are used for\u2026<\/h3>\n<p>Cookies have different functions. They can allow sites to recognize an internet user from one visit to another, by means of a unique identifier. They also let sites memorise the user&#8217;s actions and preferences, such as language of a site, font size and other display parameters, for a given time, so that the internet user does not have to repeat this data each time that he consults these sites or browses from one web page to another.<\/p>\n<h3>Who can place and access cookies?<\/h3>\n<p>Cookies are managed by the internet user&#8217;s equipment. A website can only read and write cookies that belong to it. However, a web page often contains information from different sites, mainly via advertising banners. Accordingly, cookies can be placed and read by sites other than those that the user accesses directly.<\/p>\n<h3>How do advertising cookies work?<\/h3>\n<p>Advertising cookies record data about the user&#8217;s browsing and can deduce from this his areas of interest or his preferences on the website in order to present him with suitable offers and information. Thus, they allow companies to personalize the advertising that will appear to the user based on actions taken on the site visited, as well as on other sites using the same advertising means.<\/p>\n<p>Social network sharing buttons (&#8220;Like&#8221; for Facebook, &#8220;+1&#8221; for Google, etc.) will monitor the internet user in the same way and offer him targeted advertising.<\/p>\n<p>Cookies placed by advertising bodies enable anonymous identification of internet users. Browsing data uploaded is data such as the URLs of pages visited, key words used in search engines or interactions with advertisements.<\/p>\n<h3>Social network cookies\u2026<\/h3>\n<p>A web page may include third party elements which allow the internet user to share specific content via social networks; these are application buttons. Examples are the &#8220;Share&#8221;, &#8220;Like&#8221;, &#8220;+1&#8221;, &#8220;Tweet&#8221; buttons on social networks such as Facebook, Twitter or Google.<\/p>\n<p>When the user logs in to a web page having one such application button, the social network can associate this view with the user&#8217;s profile, even if the user does not click on the button and is not connected to this network! The social network can thus adapt its advertising in relation to the sites visited and propose &#8220;groups&#8221; appropriate to the areas of interest deduced from the internet browsing pattern. It can also offer becoming a fan of the web page that the user visits most.<\/p>\n<p>DELFINGEN S.A. invites each internet user to view the privacy protection policies of these social networks in order to learn the purposes, particularly advertising-related, of the browsing data that they may collect via these application buttons.<\/p>\n<h3>What does the law say about cookies?<\/h3>\n<p>The regulations stipulate that websites must obtain the consent of each internet user before placing these cookies, state what they are used for and how the user may object to them. In practice, during first login to the site, a message must appear telling the user how to accept or, alternatively, refuse cookies. The simple act of visiting the page or continuing to browse on the site does not in any way presume consent from the user.<\/p>\n<h3>How can I block cookies?<\/h3>\n<p>Third party cookies are usually not essential to take advantage of the resources available on the internet. If the internet user wishes to restrict his traces, he is recommended to refuse them by default.<\/p>\n<p>In order to express or go back on a consent, DELFINGEN S.A. invites each internet user to return to the help menu or to the dedicated heading in the user&#8217;s browser. For example, more information is available on the following pages:<\/p>\n<ul>\n<li><a href=\"http:\/\/windows.microsoft.com\/fr-FR\/windows-vista\/Block-or-allow-cookies\">Internet Explorer<\/a><\/li>\n<li><a href=\"http:\/\/docs.info.apple.com\/article.html?path=Safari\/3.0\/fr\/9277.html\">Safari<\/a><\/li>\n<li><a href=\"http:\/\/support.google.com\/chrome\/bin\/answer.py?hl=fr&amp;hlrm=en&amp;answer=95647\">Chrome<\/a><\/li>\n<li><a href=\"http:\/\/support.mozilla.org\/fr\/kb\/Activer%20et%20d%C3%A9sactiver%20les%20cookies\">Firefox<\/a><\/li>\n<li><a href=\"http:\/\/help.opera.com\/Windows\/10.20\/fr\/cookies.html\">Opera<\/a><\/li>\n<\/ul>\n<h3>How is it possible to find out which cookies are placed during my browsing?<\/h3>\n<p>Experts at CNIL have developed a tool called CookieViz which an internet user can install in a few clicks. It shows in real time the size of the cookies phenomenon and the impressive number of players who work on analysing the internet user&#8217;s browsing. Other methods which do not require installation are available.<\/p>\n<h3>This site uses different types of cookies \u2026<\/h3>\n<ul>\n<li>Absolutely necessary cookies are essential for proper working of a site and its functions. Without these cookies, it will be impossible for the internet user to access certain services.<\/li>\n<li>Functional cookies improve the convenience and performances of sites and provide different functions. In particular, they can be used to set the language.<\/li>\n<li>Statistical cookies collect data on how sites are used. These elements adapt the contents of sites in a targeted manner to the user&#8217;s requirements and at the same time improve offers. &#8220;This site uses Google Analytics, a website analysis service supplied by Google Inc. (&#8220;Google&#8221;). Google Analytics uses cookies which are text files placed on your computer to help the website analyse use made of the site by its users. Data generated by cookies concerning your use of the site (including your IP address) will be transferred and stored by Google on servers located in the United States. Google will use this information to assess your use of the site, compile reports on site activity for its publisher and provide other services relating to activity of the site and use of the Internet. Google may communicate this data to third parties if there is a legal obligation to do so or if these third parties process this data on behalf of Google, including in particular the publisher of this site. Google will not associate your IP address with any other data held by Google. You can disable the use of cookies by selecting the appropriate parameters in your browser. However, such disabling could prevent the use of certain features of this site. By using this website, you explicitly consent to the processing of your personal data by Google under the conditions and for the purposes described earlier.<\/li>\n<li>Third party cookies are generated by third parties, for example the social networks. They are above all used to incorporate certain social media content, such as social media plug-ins on our page. You will find more detailed information on our use of social media plug-ins in the &#8220;Social plug-ins&#8221; section of the confidentiality declaration.<\/li>\n<\/ul>\n<p><strong>Contact form<\/strong> :<br \/>\nThe information collected on this form is recorded in a computerised file by DELFINGEN in order to process your request as efficiently as possible.<\/p>\n<p>By validating this form you accept and consent to DELFINGEN processing the personal data you provide by completing this form.<\/p>\n<p>The data collected will only be communicated to the recipients interested in your request. Depending on the purpose of your request, the recipients of the data collected may be processed outside the European Union.<\/p>\n<p>This data will be kept for the time strictly necessary to process your request and will then be deleted within the legal time limits in force.<\/p>\n<p>You have the right to access, rectify, delete or limit the data you have provided.<\/p>\n<p>You may also withdraw your consent to the processing of your data at any time, object to it and exercise your right to the portability of your data.<\/p>\n<p>Visit the cnil.fr website for more information about your rights.<\/p>\n<p>To exercise these rights or if you have any questions about the processing of your data under this system, you can contact our Data Protection Officer at the following address:<\/p>\n<p>DELFINGEN<\/p>\n<p>Rue Emile Streit, 25340 ANTEUIL, FRANCE<\/p>\n<p>or at the following e-mail address:\u00a0<a href=\"mailto:personaldata@delfingen.com\" target=\"_blank\" rel=\"noreferrer noopener\">personaldata@delfingen.com<\/a><\/p>\n<p>If, after contacting us, you feel that your \u201cData Protection\u201d rights have not been respected, you may submit a complaint to the CNIL.<\/p>\n","protected":false},"excerpt":{"rendered":"<p>DATENSCHUTZPOLITIK Vorwort Die DELFINGEN und ihre Tochterfirmen (nachfolgend &#8220;DELFINGEN&#8221; oder &#8220;die DELFINGEN-Gruppe&#8221;) legen viel Wert auf die Einhaltung des Privatlebens und den Schutz personenbezogener Daten. Diesbez\u00fcglich verpflichtet sich DELFINGEN zur Umsetzung entsprechender Ma\u00dfnahmen zum Schutz personenbezogener Daten und insbesondere zur Verarbeitung dieser Daten unter Einhaltung der geltenden Verordnung (ge\u00e4ndertes Datenschutzgesetz Nr. 78-17 vom 6. Januar [&hellip;]<\/p>\n","protected":false},"author":2,"featured_media":5193,"parent":0,"menu_order":160,"comment_status":"closed","ping_status":"closed","template":"","meta":{"_acf_changed":false,"footnotes":""},"categorie-page":[],"class_list":["post-5043","page","type-page","status-publish","has-post-thumbnail","hentry"],"acf":[],"yoast_head":"<!-- This site is optimized with the Yoast SEO plugin v27.2 - https:\/\/yoast.com\/product\/yoast-seo-wordpress\/ -->\n<title>Datenschutz und Cookies | DELFINGEN<\/title>\n<meta name=\"robots\" content=\"index, follow, max-snippet:-1, max-image-preview:large, max-video-preview:-1\" \/>\n<link rel=\"canonical\" href=\"https:\/\/delfingen.com\/de\/datenschutz-und-cookies\/\" \/>\n<meta property=\"og:locale\" content=\"de_DE\" \/>\n<meta property=\"og:type\" content=\"article\" \/>\n<meta property=\"og:title\" content=\"Datenschutz und Cookies | DELFINGEN\" \/>\n<meta property=\"og:description\" content=\"DATENSCHUTZPOLITIK Vorwort Die DELFINGEN und ihre Tochterfirmen (nachfolgend &#8220;DELFINGEN&#8221; oder &#8220;die DELFINGEN-Gruppe&#8221;) legen viel Wert auf die Einhaltung des Privatlebens und den Schutz personenbezogener Daten. Diesbez\u00fcglich verpflichtet sich DELFINGEN zur Umsetzung entsprechender Ma\u00dfnahmen zum Schutz personenbezogener Daten und insbesondere zur Verarbeitung dieser Daten unter Einhaltung der geltenden Verordnung (ge\u00e4ndertes Datenschutzgesetz Nr. 78-17 vom 6. Januar [&hellip;]\" \/>\n<meta property=\"og:url\" content=\"https:\/\/delfingen.com\/de\/datenschutz-und-cookies\/\" \/>\n<meta property=\"og:site_name\" content=\"DELFINGEN\" \/>\n<meta property=\"article:modified_time\" content=\"2025-07-21T07:59:13+00:00\" \/>\n<meta property=\"og:image\" content=\"https:\/\/delfingen.com\/medias\/2017\/11\/degrade-bleu-actualites.jpg\" \/>\n\t<meta property=\"og:image:width\" content=\"1903\" \/>\n\t<meta property=\"og:image:height\" content=\"450\" \/>\n\t<meta property=\"og:image:type\" content=\"image\/jpeg\" \/>\n<meta name=\"twitter:card\" content=\"summary_large_image\" \/>\n<meta name=\"twitter:label1\" content=\"Gesch\u00e4tzte Lesezeit\" \/>\n\t<meta name=\"twitter:data1\" content=\"11 minutes\" \/>\n<script type=\"application\/ld+json\" class=\"yoast-schema-graph\">{\"@context\":\"https:\/\/schema.org\",\"@graph\":[{\"@type\":\"WebPage\",\"@id\":\"https:\/\/delfingen.com\/de\/datenschutz-und-cookies\/\",\"url\":\"https:\/\/delfingen.com\/de\/datenschutz-und-cookies\/\",\"name\":\"Datenschutz und Cookies | DELFINGEN\",\"isPartOf\":{\"@id\":\"https:\/\/delfingen.com\/en\/#website\"},\"primaryImageOfPage\":{\"@id\":\"https:\/\/delfingen.com\/de\/datenschutz-und-cookies\/#primaryimage\"},\"image\":{\"@id\":\"https:\/\/delfingen.com\/de\/datenschutz-und-cookies\/#primaryimage\"},\"thumbnailUrl\":\"https:\/\/delfingen.com\/medias\/2017\/11\/degrade-bleu-actualites.jpg\",\"datePublished\":\"2017-09-06T13:33:57+00:00\",\"dateModified\":\"2025-07-21T07:59:13+00:00\",\"inLanguage\":\"de-DE\",\"potentialAction\":[{\"@type\":\"ReadAction\",\"target\":[\"https:\/\/delfingen.com\/de\/datenschutz-und-cookies\/\"]}]},{\"@type\":\"ImageObject\",\"inLanguage\":\"de-DE\",\"@id\":\"https:\/\/delfingen.com\/de\/datenschutz-und-cookies\/#primaryimage\",\"url\":\"https:\/\/delfingen.com\/medias\/2017\/11\/degrade-bleu-actualites.jpg\",\"contentUrl\":\"https:\/\/delfingen.com\/medias\/2017\/11\/degrade-bleu-actualites.jpg\",\"width\":1903,\"height\":450},{\"@type\":\"WebSite\",\"@id\":\"https:\/\/delfingen.com\/en\/#website\",\"url\":\"https:\/\/delfingen.com\/en\/\",\"name\":\"DELFINGEN\",\"description\":\"\u00c9quipementier automobile mondial\",\"potentialAction\":[{\"@type\":\"SearchAction\",\"target\":{\"@type\":\"EntryPoint\",\"urlTemplate\":\"https:\/\/delfingen.com\/en\/?s={search_term_string}\"},\"query-input\":{\"@type\":\"PropertyValueSpecification\",\"valueRequired\":true,\"valueName\":\"search_term_string\"}}],\"inLanguage\":\"de-DE\"}]}<\/script>\n<!-- \/ Yoast SEO plugin. -->","yoast_head_json":{"title":"Datenschutz und Cookies | DELFINGEN","robots":{"index":"index","follow":"follow","max-snippet":"max-snippet:-1","max-image-preview":"max-image-preview:large","max-video-preview":"max-video-preview:-1"},"canonical":"https:\/\/delfingen.com\/de\/datenschutz-und-cookies\/","og_locale":"de_DE","og_type":"article","og_title":"Datenschutz und Cookies | DELFINGEN","og_description":"DATENSCHUTZPOLITIK Vorwort Die DELFINGEN und ihre Tochterfirmen (nachfolgend &#8220;DELFINGEN&#8221; oder &#8220;die DELFINGEN-Gruppe&#8221;) legen viel Wert auf die Einhaltung des Privatlebens und den Schutz personenbezogener Daten. Diesbez\u00fcglich verpflichtet sich DELFINGEN zur Umsetzung entsprechender Ma\u00dfnahmen zum Schutz personenbezogener Daten und insbesondere zur Verarbeitung dieser Daten unter Einhaltung der geltenden Verordnung (ge\u00e4ndertes Datenschutzgesetz Nr. 78-17 vom 6. Januar [&hellip;]","og_url":"https:\/\/delfingen.com\/de\/datenschutz-und-cookies\/","og_site_name":"DELFINGEN","article_modified_time":"2025-07-21T07:59:13+00:00","og_image":[{"width":1903,"height":450,"url":"https:\/\/delfingen.com\/medias\/2017\/11\/degrade-bleu-actualites.jpg","type":"image\/jpeg"}],"twitter_card":"summary_large_image","twitter_misc":{"Gesch\u00e4tzte Lesezeit":"11 minutes"},"schema":{"@context":"https:\/\/schema.org","@graph":[{"@type":"WebPage","@id":"https:\/\/delfingen.com\/de\/datenschutz-und-cookies\/","url":"https:\/\/delfingen.com\/de\/datenschutz-und-cookies\/","name":"Datenschutz und Cookies | DELFINGEN","isPartOf":{"@id":"https:\/\/delfingen.com\/en\/#website"},"primaryImageOfPage":{"@id":"https:\/\/delfingen.com\/de\/datenschutz-und-cookies\/#primaryimage"},"image":{"@id":"https:\/\/delfingen.com\/de\/datenschutz-und-cookies\/#primaryimage"},"thumbnailUrl":"https:\/\/delfingen.com\/medias\/2017\/11\/degrade-bleu-actualites.jpg","datePublished":"2017-09-06T13:33:57+00:00","dateModified":"2025-07-21T07:59:13+00:00","inLanguage":"de-DE","potentialAction":[{"@type":"ReadAction","target":["https:\/\/delfingen.com\/de\/datenschutz-und-cookies\/"]}]},{"@type":"ImageObject","inLanguage":"de-DE","@id":"https:\/\/delfingen.com\/de\/datenschutz-und-cookies\/#primaryimage","url":"https:\/\/delfingen.com\/medias\/2017\/11\/degrade-bleu-actualites.jpg","contentUrl":"https:\/\/delfingen.com\/medias\/2017\/11\/degrade-bleu-actualites.jpg","width":1903,"height":450},{"@type":"WebSite","@id":"https:\/\/delfingen.com\/en\/#website","url":"https:\/\/delfingen.com\/en\/","name":"DELFINGEN","description":"\u00c9quipementier automobile mondial","potentialAction":[{"@type":"SearchAction","target":{"@type":"EntryPoint","urlTemplate":"https:\/\/delfingen.com\/en\/?s={search_term_string}"},"query-input":{"@type":"PropertyValueSpecification","valueRequired":true,"valueName":"search_term_string"}}],"inLanguage":"de-DE"}]}},"_links":{"self":[{"href":"https:\/\/delfingen.com\/de\/wp-json\/wp\/v2\/pages\/5043","targetHints":{"allow":["GET"]}}],"collection":[{"href":"https:\/\/delfingen.com\/de\/wp-json\/wp\/v2\/pages"}],"about":[{"href":"https:\/\/delfingen.com\/de\/wp-json\/wp\/v2\/types\/page"}],"author":[{"embeddable":true,"href":"https:\/\/delfingen.com\/de\/wp-json\/wp\/v2\/users\/2"}],"replies":[{"embeddable":true,"href":"https:\/\/delfingen.com\/de\/wp-json\/wp\/v2\/comments?post=5043"}],"version-history":[{"count":7,"href":"https:\/\/delfingen.com\/de\/wp-json\/wp\/v2\/pages\/5043\/revisions"}],"predecessor-version":[{"id":26139,"href":"https:\/\/delfingen.com\/de\/wp-json\/wp\/v2\/pages\/5043\/revisions\/26139"}],"wp:featuredmedia":[{"embeddable":true,"href":"https:\/\/delfingen.com\/de\/wp-json\/wp\/v2\/media\/5193"}],"wp:attachment":[{"href":"https:\/\/delfingen.com\/de\/wp-json\/wp\/v2\/media?parent=5043"}],"wp:term":[{"taxonomy":"categorie-page","embeddable":true,"href":"https:\/\/delfingen.com\/de\/wp-json\/wp\/v2\/categorie-page?post=5043"}],"curies":[{"name":"wp","href":"https:\/\/api.w.org\/{rel}","templated":true}]}}