{"id":7607,"date":"2017-09-06T15:10:21","date_gmt":"2017-09-06T13:10:21","guid":{"rendered":"https:\/\/delfingen.com\/legal-notices\/"},"modified":"2023-05-24T16:04:42","modified_gmt":"2023-05-24T14:04:42","slug":"%e6%b3%95%e7%9a%84%e9%80%9a%e7%9f%a5","status":"publish","type":"page","link":"https:\/\/delfingen.com\/ja\/%e6%b3%95%e7%9a%84%e9%80%9a%e7%9f%a5\/","title":{"rendered":"\u6cd5\u7684\u901a\u77e5"},"content":{"rendered":"<p><strong>\u30a6\u30a7\u30d6\u30b5\u30a4\u30c8\u904b\u55b6\u8005\uff1a<\/strong><\/p>\n<p>The site\u00a0<a href=\"https:\/\/delfingen.com\">delfingen.com<\/a> is published by:<br \/>\nDELFINGEN Industry S.A.<br \/>\nA Soci\u00e9t\u00e9 Anonyme with Board of Directors and share capital of \u20ac4 105 824.8<br \/>\nRCS Belfort<br \/>\nSIRET 354 013 575 00031<br \/>\nVAT no. FR 56\u00a0354\u00a0013 575<br \/>\nRegistered office: Rue Emile Streit &#8211; 25340 ANTEUIL (France)<br \/>\nPhone: +33 (0)3 81 90 73 00<br \/>\n<a href=\"mailto:delfingen@delfingen.com\">delfingen@delfingen.com<\/a><\/p>\n<p><strong>\u51fa\u7248\u7269\u62c5\u5f53\u30de\u30cd\u30fc\u30b8\u30e3\u30fc:<\/strong><\/p>\n<p>K\u00e9vin Appointaire<\/p>\n<p><strong>\u30a6\u30a7\u30d6\u30b5\u30a4\u30c8\u30db\u30b9\u30c8\uff1a<\/strong><\/p>\n<p>The website is hosted by AGORA CALYC\u00c9,\u00a013 Rue Hannah Arendt, 67200 Strasbourg FRANCE.<\/p>\n<p><strong>\u30a6\u30a7\u30d6\u30b5\u30a4\u30c8\u30c7\u30b6\u30a4\u30f3\u3068\u88fd\u4f5c:<\/strong><\/p>\n<p>PIXIES, Soci\u00e9t\u00e9 par Actions Simplifi\u00e9e<br \/>\nRegistered office: 13 Quai de Strasbourg &#8211; 25000 Besan\u00e7on (France)<br \/>\nRCS Besan\u00e7on<br \/>\nPhone: + 33 (0)9 54 59 12 43<\/p>\n<p><strong>\u30a6\u30a7\u30d6\u30b5\u30a4\u30c8\u3078\u306e\u30a2\u30af\u30bb\u30b9\uff1a<\/strong><\/p>\n<p>\u30a2\u30c9\u30ec\u30b9delfingen.com\uff08\u4ee5\u4e0b\u300c\u30a6\u30a7\u30d6\u30b5\u30a4\u30c8\u300d\uff09\u3067\u30a2\u30af\u30bb\u30b9\u53ef\u80fd\u306a\u30a6\u30a7\u30d6\u30b5\u30a4\u30c8\u306f\u3001\u30a6\u30a7\u30d6\u30b5\u30a4\u30c8\u3092\u4f7f\u7528\u3059\u308b\u4eba\u3005\u306e\u500b\u4eba\u60c5\u5831\u3092\u5bfe\u8c61\u3068\u3057\u3066\u3044\u307e\u3059\u3002 \u3053\u306e\u30a6\u30a7\u30d6\u30b5\u30a4\u30c8\u3078\u306e\u30a2\u30af\u30bb\u30b9\u304a\u3088\u3073\u4f7f\u7528\u306f\u3001\u4ee5\u4e0b\u306b\u8a18\u8f09\u3055\u308c\u3066\u3044\u308b\u300c\u6cd5\u7684\u901a\u77e5\u300d\u304a\u3088\u3073\u9069\u7528\u3055\u308c\u308b\u6cd5\u5f8b\u304a\u3088\u3073\/\u307e\u305f\u306f\u898f\u5247\u306e\u5bfe\u8c61\u3068\u306a\u308a\u307e\u3059\u3002 \u3053\u306e\u30a6\u30a7\u30d6\u30b5\u30a4\u30c8\u3078\u306e\u63a5\u7d9a\u3068\u30a2\u30af\u30bb\u30b9\u306b\u306f\u3001\u3053\u308c\u3089\u306e\u6cd5\u7684\u901a\u77e5\u306e\u3059\u3079\u3066\u306e\u6761\u9805\u3092\u30a4\u30f3\u30bf\u30fc\u30cd\u30c3\u30c8\u30e6\u30fc\u30b6\u30fc\u304c\u5b8c\u5168\u304b\u3064\u7121\u5236\u9650\u306b\u53d7\u3051\u5165\u308c\u308b\u3053\u3068\u304c\u542b\u307e\u308c\u307e\u3059\u3002 \u3057\u305f\u304c\u3063\u3066\u3001\u30a4\u30f3\u30bf\u30fc\u30cd\u30c3\u30c8\u30e6\u30fc\u30b6\u30fc\u306f\u3001\u30a6\u30a7\u30d6\u30b5\u30a4\u30c8\u3092\u898b\u308b\u3060\u3051\u3067\u3001\u6700\u65b0\u306e\u30d0\u30fc\u30b8\u30e7\u30f3\u3067\u3053\u308c\u3089\u306e\u6cd5\u7684\u901a\u77e5\u3092\u53d7\u3051\u5165\u308c\u305f\u3082\u306e\u3068\u307f\u306a\u3055\u308c\u307e\u3059\u3002<\/p>\n<p>\u30a4\u30f3\u30bf\u30fc\u30cd\u30c3\u30c8\u30e6\u30fc\u30b6\u30fc\u306f\u3001\u5546\u696d\u7684\u3001\u653f\u6cbb\u7684\u307e\u305f\u306f\u5ba3\u4f1d\u76ee\u7684\u3001\u5546\u696d\u7684\u306a\u635c\u67fb\u3001\u7279\u306b\u8ff7\u60d1\u30e1\u30fc\u30eb\u306e\u9001\u4fe1\u306e\u305f\u3081\u306b\u3001\u305d\u306e\u30a6\u30a7\u30d6\u30b5\u30a4\u30c8\u304a\u3088\u3073\/\u307e\u305f\u306f\u8981\u7d20\u304c\u5546\u696d\u7684\u3001\u653f\u6cbb\u7684\u307e\u305f\u306f\u5ba3\u4f1d\u76ee\u7684\u3067\u4f7f\u7528\u3055\u308c\u306a\u3044\u3053\u3068\u306b\u540c\u610f\u3057\u307e\u3059\u3002<\/p>\n<p>\u3053\u306e\u30a6\u30a7\u30d6\u30b5\u30a4\u30c8\u306b\u542b\u307e\u308c\u308b\u3059\u3079\u3066\u306e\u60c5\u5831\u306f\u4e00\u822c\u7684\u306a\u60c5\u5831\u3067\u3042\u308a\u3001\u5951\u7d04\u4e0a\u306e\u4fa1\u5024\u306f\u3042\u308a\u307e\u305b\u3093\u3002<\/p>\n<p><strong>\u30a6\u30a7\u30d6\u30b5\u30a4\u30c8\u306e\u5909\u66f4\uff1a<\/strong><\/p>\n<p>S.A\u306f\u3001\u30a4\u30f3\u30bf\u30fc\u30cd\u30c3\u30c8\u3078\u306e\u7d76\u3048\u9593\u306a\u3044\u5909\u66f4\u3092\u8003\u616e\u3057\u3066\u3001\u3053\u308c\u3089\u306e\u6cd5\u7684\u901a\u77e5\u3001\u304a\u3088\u3073\u30a6\u30a7\u30d6\u30b5\u30a4\u30c8\u306b\u63b2\u8f09\u3055\u308c\u3066\u3044\u308b\u3059\u3079\u3066\u306e\u8981\u7d20\u3001\u5546\u54c1\u3001\u30b5\u30fc\u30d3\u30b9\u3092\u4e88\u544a\u306a\u3057\u306b\u7de8\u96c6\u304a\u3088\u3073\u66f4\u65b0\u3059\u308b\u6a29\u5229\u3092\u7559\u4fdd\u3057\u307e\u3059\u3002\u305d\u306e\u3088\u3046\u306a\u5909\u66f4\u306f\u3059\u3079\u3066\u3001\u30a6\u30a7\u30d6\u30b5\u30a4\u30c8\u306b\u95a2\u3059\u308b\u3053\u308c\u3089\u306e\u6cd5\u7684\u901a\u77e5\u3092\u8aad\u3080\u5fc5\u8981\u304c\u3042\u308b\u30a4\u30f3\u30bf\u30fc\u30cd\u30c3\u30c8\u30e6\u30fc\u30b6\u30fc\u306b\u9069\u7528\u3055\u308c\u307e\u3059\u3002<\/p>\n<p>DELFINGEN Industry SA\u306f\u3001\u4e8b\u524d\u901a\u77e5\u306a\u3057\u306b\u3001DELFINGEN Industry SA\u304c\u30e6\u30fc\u30b6\u30fc\u306b\u8cac\u4efb\u3092\u8ca0\u3046\u3053\u3068\u306a\u304f\u3001\u30a6\u30a7\u30d6\u30b5\u30a4\u30c8\u4e0a\u3067\u63d0\u4f9b\u3055\u308c\u308b\u5546\u54c1\u304a\u3088\u3073\u30b5\u30fc\u30d3\u30b9\u306e\u5168\u90e8\u307e\u305f\u306f\u4e00\u90e8\u3092\u5909\u66f4\u3001\u30a2\u30af\u30bb\u30b9\u5236\u9650\u3001\u4e2d\u65ad\u307e\u305f\u306f\u4e2d\u65ad\u3059\u308b\u3053\u3068\u304c\u3067\u304d\u307e\u3059\u3002\u5f53\u8a72\u5909\u66f4\u3001\u4e2d\u65ad\u307e\u305f\u306f\u4e2d\u65ad\u306e\u305f\u3081\u306b\u7b2c\u4e09\u8005\u306b\u63d0\u4f9b\u3059\u308b\u3053\u3068\u3092\u7981\u3058\u307e\u3059\u3002<\/p>\n<p><strong>\u8457\u4f5c\u6a29\uff1a<\/strong><\/p>\n<p>\u5546\u6a19\u3001\u30ed\u30b4\u3001\u5199\u771f\u3001\u753b\u50cf\u3001\u30a4\u30e9\u30b9\u30c8\u3001\u30c9\u30ed\u30fc\u30a4\u30f3\u30b0\u3001\u30e2\u30c7\u30eb\u3001\u30b0\u30e9\u30d5\u30a3\u30c3\u30af\u30b9\u3001\u30b5\u30a6\u30f3\u30c9\u3001\u30d3\u30c7\u30aa\u3001\u30a2\u30cb\u30e1\u30fc\u30b7\u30e7\u30f3\u306a\u3069\u3001\u73fe\u5834\u3067\u8907\u88fd\u307e\u305f\u306f\u4f7f\u7528\u3055\u308c\u308b\u3059\u3079\u3066\u306e\u8981\u7d20\u306f\u3001\u73fe\u884c\u306e\u77e5\u7684\u8ca1\u7523\u6a29\u6cd5\u306e\u4fdd\u8b77\u3092\u53d7\u3051\u3066\u3044\u307e\u3059\u3002\u3053\u308c\u3089\u306f\u3001\u3053\u306e\u30a6\u30a7\u30d6\u30b5\u30a4\u30c8\u307e\u305f\u306f\u305d\u306e\u30d1\u30fc\u30c8\u30ca\u30fc\u306e\u6240\u6709\u8005\u306e\u5b8c\u5168\u304b\u3064\u5b8c\u5168\u306a\u8ca1\u7523\u3067\u3059\u3002 DELFINGEN Industry S.A.\u306f\u3001\u3053\u306e\u30a6\u30a7\u30d6\u30b5\u30a4\u30c8\u3067\u5f15\u7528\u3055\u308c\u3066\u3044\u308b\u7b2c\u4e09\u8005\u304c\u6240\u6709\u3059\u308b\u540d\u524d\u3001\u5546\u6a19\u3001\u30ed\u30b4\u304a\u3088\u3073\u30d6\u30e9\u30f3\u30c9\u540d\u306b\u5fc5\u8981\u306a\u3059\u3079\u3066\u306e\u30e9\u30a4\u30bb\u30f3\u30b9\u3092\u4fdd\u6709\u3057\u3066\u3044\u307e\u3059\u3002<\/p>\n<p>\u3069\u306e\u3088\u3046\u306a\u5f62\u3067\u3042\u308c\u3001\u3069\u306e\u3088\u3046\u306a\u65b9\u6cd5\u3067\u3042\u308c\u3001\u3044\u304b\u306a\u308b\u65b9\u6cd5\u3067\u3042\u308c\u3001\u3044\u304b\u306a\u308b\u5a92\u4f53\u3067\u3042\u308c\u3001\u73fe\u5728\u77e5\u3089\u308c\u3066\u3044\u308b\u307e\u305f\u306f\u77e5\u3089\u308c\u3066\u3044\u306a\u3044\u3059\u3079\u3066\u306e\u8907\u88fd\u3001\u8868\u73fe\u3001\u4f7f\u7528\u3001\u9069\u5fdc\u3001\u6539\u5909\u3001\u7d44\u8fbc\u307f\u3001\u7ffb\u8a33\u3001\u30de\u30fc\u30b1\u30c6\u30a3\u30f3\u30b0\u6cd5\u5f8b\u4e0a\u8a31\u53ef\u3055\u308c\u3066\u3044\u308b\u4f8b\u5916\u3001\u7279\u306b\u7b2cL. 122-5\u6761\u3092\u9664\u304d\u3001\u30b3\u30f3\u30d4\u30e5\u30fc\u30bf\u30a2\u30d7\u30ea\u30b1\u30fc\u30b7\u30e7\u30f3\u304a\u3088\u3073\u30c0\u30a6\u30f3\u30ed\u30fc\u30c9\u53ef\u80fd\u306a\u6587\u66f8\u304a\u3088\u3073\u5199\u771f\u8868\u73fe\u3092\u542b\u3080\u3001\u30a6\u30a7\u30d6\u30b5\u30a4\u30c8\u306e\u4fdd\u8b77\u3055\u308c\u305f\u8981\u7d20\u306e\u3046\u3061\u3001DELFINGEN Industry SA\u306b\u3088\u308b\u66f8\u9762\u306b\u3088\u308b\u4e8b\u524d\u8a31\u53ef\u304c\u306a\u3044\u9650\u308a\u3001\u53b3\u91cd\u306b\u7981\u6b62\u3055\u308c\u3066\u3044\u307e\u3059\u3002\u30d5\u30e9\u30f3\u30b9\u306e\u77e5\u7684\u8ca1\u7523\u6cd5\u5178\u306eDELFINGEN Industry S.A.\u304c\u3053\u308c\u3089\u306e\u4e0d\u6b63\u4f7f\u7528\u3092\u610f\u8b58\u3057\u3066\u5373\u5ea7\u306b\u624b\u7d9a\u3092\u958b\u59cb\u3057\u306a\u3044\u3068\u3044\u3046\u4e8b\u5b9f\u306f\u3001\u305d\u306e\u3088\u3046\u306a\u4f7f\u7528\u306e\u5bb9\u8a8d\u304a\u3088\u3073\/\u307e\u305f\u306f\u624b\u7d9a\u306e\u5b9f\u65bd\u6a29\u306e\u653e\u68c4\u3092\u610f\u5473\u3059\u308b\u3082\u306e\u3067\u306f\u3042\u308a\u307e\u305b\u3093<strong>\u3002<\/strong><\/p>\n<p>delfingen@delfingen.com\u5b9b\u3066\u306e\u96fb\u5b50\u30e1\u30fc\u30eb\u30ea\u30af\u30a8\u30b9\u30c8\u306b\u7d9a\u3044\u3066\u3001DELFINGEN Industry S.A.\u306b\u3088\u308b\u4e8b\u524d\u304a\u3088\u3073\u66f8\u9762\u306b\u3088\u308b\u8a31\u53ef\u304c\u306a\u3044\u9650\u308a\u3001\u30a4\u30f3\u30bf\u30fc\u30cd\u30c3\u30c8\u30e6\u30fc\u30b6\u30fc\u306b\u3088\u308b\u30a6\u30a7\u30d6\u30b5\u30a4\u30c8\u306e\u5168\u90e8\u307e\u305f\u306f\u4e00\u90e8\u3078\u306e\u30cf\u30a4\u30d1\u30fc\u30c6\u30ad\u30b9\u30c8\u30ea\u30f3\u30af\u306e\u8a2d\u5b9a\u306f\u3001\u53b3\u91cd\u306b\u7981\u6b62\u3055\u308c\u3066\u3044\u307e\u3059\u3002 DELFINGEN Industry S.A.\u306f\u3001\u4f55\u3089\u304b\u306e\u5f62\u3067\u6c7a\u5b9a\u3092\u6b63\u5f53\u5316\u3059\u308b\u5fc5\u8981\u306a\u304f\u3001\u3053\u306e\u8a8d\u53ef\u3092\u62d2\u5426\u3059\u308b\u3053\u3068\u306f\u81ea\u7531\u3067\u3059\u3002\u305d\u306e\u3088\u3046\u306a\u627f\u8a8d\u304c\u5408\u610f\u3055\u308c\u305f\u5834\u5408\u3001\u3053\u308c\u306f\u4e00\u6642\u7684\u306a\u3082\u306e\u3067\u3042\u308a\u3001DELFINGEN Industry S.A.\u304b\u3089\u306e\u8981\u6c42\u306b\u5fdc\u3058\u3066\u3001\u3044\u3064\u3067\u3082\u4e88\u544a\u306a\u3057\u306b\u53d6\u308a\u6d88\u3059\u3053\u3068\u304c\u3067\u304d\u307e\u3059\u3002<\/p>\n<p><strong>\u8cac\u4efb\uff1a<\/strong><\/p>\n<p>\u30a4\u30f3\u30bf\u30fc\u30cd\u30c3\u30c8\u30e6\u30fc\u30b6\u30fc\u306f\u3001\u5f7c\u306e\u552f\u4e00\u306e\u5168\u8cac\u4efb\u306e\u4e0b\u3067\u30a6\u30a7\u30d6\u30b5\u30a4\u30c8\u3092\u4f7f\u7528\u3057\u307e\u3059\u3002\u30a6\u30a7\u30d6\u30b5\u30a4\u30c8\u3092\u6240\u6709\u3057\u3066\u3044\u308b\u4f1a\u793e\u306f\u3001\u30a6\u30a7\u30d6\u30b5\u30a4\u30c8\u3078\u306e\u63a5\u7d9a\u307e\u305f\u306f\u305d\u306e\u4f7f\u7528\u306b\u8d77\u56e0\u3059\u308b\u3044\u304b\u306a\u308b\u640d\u5bb3\u306b\u5bfe\u3057\u3066\u3044\u304b\u306a\u308b\u5834\u5408\u306b\u304a\u3044\u3066\u3082\u8cac\u4efb\u3092\u8ca0\u3044\u307e\u305b\u3093\u3002\u30b3\u30f3\u30d4\u30e5\u30fc\u30bf\u30a6\u30a3\u30eb\u30b9\u3084\u30cf\u30c3\u30ad\u30f3\u30b0\u3092\u8a66\u307f\u305f\u3069\u3093\u306a\u5f62\u306e\u6c5a\u67d3\u306b\u5bfe\u3057\u3066\u3082\u3001\u81ea\u5206\u306e\u6a5f\u5668\u3068\u81ea\u5206\u306e\u30c7\u30fc\u30bf\u3092\u4fdd\u8b77\u3059\u308b\u305f\u3081\u306b\u3001\u3059\u3079\u3066\u306e\u9069\u5207\u306a\u63aa\u7f6e\u3092\u8b1b\u3058\u308b\u3053\u3068\u306f\u3001\u30a4\u30f3\u30bf\u30fc\u30cd\u30c3\u30c8\u30e6\u30fc\u30b6\u30fc\u306e\u8cac\u4efb\u3067\u3059\u3002<\/p>\n<p>\u3053\u306e\u30a6\u30a7\u30d6\u30b5\u30a4\u30c8\u306b\u306f\u3001DELFINGEN Industry S.A.\u304c\u652f\u914d\u3057\u3066\u3044\u306a\u3044\u4ed6\u306e\u30a6\u30a7\u30d6\u30a6\u30a7\u30d6\u30b5\u30a4\u30c8\u3078\u306e\u30ea\u30f3\u30af\u304c\u542b\u307e\u308c\u3066\u3044\u308b\u5834\u5408\u304c\u3042\u308a\u307e\u3059\u3002\u3053\u306e\u3088\u3046\u306a\u72b6\u6cc1\u4e0b\u3067\u306f\u3001\u305d\u3053\u306b\u63d0\u793a\u3055\u308c\u308b\u30b3\u30f3\u30c6\u30f3\u30c4\u306e\u6b63\u78ba\u6027\u3001\u5b8c\u5168\u6027\u307e\u305f\u306f\u8cea\u306b\u95a2\u3057\u3066\u660e\u793a\u7684\u307e\u305f\u306f\u9ed9\u793a\u7684\u306a\u4fdd\u8a3c\u306f\u306a\u304f\u3001DELFINGEN Industry S.A.\u306f\u3053\u308c\u3089\u306e\u30a4\u30f3\u30bf\u30fc\u30cd\u30c3\u30c8\u30ea\u30f3\u30af\u306e\u76f8\u8ac7\u306b\u3044\u304b\u306a\u308b\u8cac\u4efb\u3082\u8ca0\u3044\u307e\u305b\u3093\u3002\u540c\u69d8\u306b\u3001DELFINGEN Industry S.A.\u306f\u3001\u30cf\u30a4\u30d1\u30fc\u30c6\u30ad\u30b9\u30c8\u30ea\u30f3\u30af\u307e\u305f\u306f\u4ed6\u306e\u30bf\u30a4\u30d7\u306e\u30ea\u30f3\u30af\u3092\u4ecb\u3057\u3066\u30a6\u30a7\u30d6\u30b5\u30a4\u30c8\u304c\u30ea\u30f3\u30af\u3055\u308c\u308b\u53ef\u80fd\u6027\u304c\u3042\u308b\u3053\u308c\u3089\u306e\u30a6\u30a7\u30d6\u30a6\u30a7\u30d6\u30b5\u30a4\u30c8\u4e0a\u3067\u63d0\u4f9b\u3055\u308c\u308b\u30b3\u30f3\u30c6\u30f3\u30c4\u307e\u305f\u306f\u5546\u54c1\u307e\u305f\u306f\u30b5\u30fc\u30d3\u30b9\u306b\u5bfe\u3057\u3066\u3001\u3044\u304b\u306a\u308b\u5834\u5408\u306b\u304a\u3044\u3066\u3082\u8cac\u4efb\u3092\u8ca0\u308f\u306a\u3044\u3082\u306e\u3068\u3057\u307e\u3059\u3002<\/p>\n<p>\u30a6\u30a7\u30d6\u30b5\u30a4\u30c8\u4e0a\u3067\u4f1d\u9054\u3055\u308c\u308b\u8a3c\u5238\u53d6\u5f15\u30c7\u30fc\u30bf\u306f\u3001\u7d14\u7c8b\u306b\u60c5\u5831\u306e\u305f\u3081\u306b\u914d\u5e03\u3055\u308c\u308b\u3082\u306e\u3067\u3042\u308a\u3001\u3044\u304b\u306a\u308b\u5834\u5408\u306b\u304a\u3044\u3066\u3082\u53d6\u5f15\u3092\u5b9f\u884c\u3059\u308b\u76ee\u7684\u3067\u4f7f\u7528\u3055\u308c\u3066\u306f\u306a\u3089\u306a\u3044\u3002\u3053\u306e\u30bf\u30a4\u30d7\u306e\u53d6\u5f15\u306e\u524d\u306b\u3001DELFINGEN Industry S.A.\u306f\u3001\u8ca1\u52d9\u9867\u554f\u306b\u76f8\u8ac7\u3059\u308b\u305f\u3081\u306b\u30a4\u30f3\u30bf\u30fc\u30cd\u30c3\u30c8\u30e6\u30fc\u30b6\u30fc\u3092\u62db\u5f85\u3057\u307e\u3059\u3002\u3044\u305a\u308c\u306b\u3057\u3066\u3082\u3001DELFINGEN Industry S.A.\u306e\u904e\u53bb\u306e\u696d\u7e3e\u306f\u3001\u5c06\u6765\u306e\u696d\u7e3e\u3092\u793a\u3059\u3082\u306e\u3067\u306f\u306a\u304f\u3001\u3044\u304b\u306a\u308b\u5834\u5408\u306b\u304a\u3044\u3066\u3082\u3001DELFINGEN Industry S.A\u306e\u8cac\u4efb\u3092\u8ca0\u3046\u3053\u3068\u306f\u3067\u304d\u307e\u305b\u3093\u3002<\/p>\n<p>DELFINGEN Industry S.A.\u306e\u7d4c\u55b6\u9663\u306b\u3088\u3063\u3066\u884c\u308f\u308c\u305f\u524d\u63d0\u306b\u57fa\u3065\u304f\u30a6\u30a7\u30d6\u30b5\u30a4\u30c8\u306e\u5185\u5bb9\u306f\u3001\u5c06\u6765\u306b\u7126\u70b9\u3092\u5f53\u3066\u3066\u3044\u308b\u53ef\u80fd\u6027\u304c\u3042\u308a\u307e\u3059\u3002\u3053\u308c\u3089\u306e\u5ba3\u8a00\u306f\u3001\u7d14\u7c8b\u306b\u60c5\u5831\u3068\u3057\u3066\u63d0\u4f9b\u3055\u308c\u3001\u3053\u308c\u3089\u306e\u5ba3\u8a00\u304c\u884c\u308f\u308c\u305f\u6642\u306e\u5c06\u6765\u306e\u51fa\u6765\u4e8b\u306b\u95a2\u3059\u308bDELFINGEN Industry S.A\u306e\u30d3\u30b8\u30e7\u30f3\u3092\u7ffb\u8a33\u3057\u307e\u3059\u3002\u3057\u305f\u304c\u3063\u3066\u3001\u305d\u308c\u3089\u306b\u306f\u3001\u3042\u308b\u7a0b\u5ea6\u306e\u30ea\u30b9\u30af\u3068\u4e0d\u78ba\u5b9f\u6027\u304c\u542b\u307e\u308c\u3066\u3044\u308b\u305f\u3081\u3001\u591a\u6570\u306e\u8981\u56e0\u304c\u4ecb\u5165\u3057\u3001\u4e0e\u3048\u3089\u308c\u305f\u898b\u7a4d\u308a\u306b\u57fa\u3065\u3044\u3066\u884c\u52d5\u3059\u308b\u3053\u3068\u304c\u3042\u308a\u307e\u3059\u3002 DELFINGEN Industry S.A.\u306f\u3001\u3053\u308c\u3089\u306e\u5ba3\u8a00\u306e\u66f4\u65b0\u306b\u5931\u6557\u3057\u305f\u5834\u5408\u306b\u306f\u4e00\u5207\u8cac\u4efb\u3092\u8ca0\u3044\u307e\u305b\u3093\u3002<\/p>\n<p><strong>\u9069\u7528\u6cd5\uff1a<\/strong><\/p>\n<p>\u3053\u306e\u30b5\u30a4\u30c8\u306e\u30b5\u30a4\u30c8\u304a\u3088\u3073\u3053\u308c\u3089\u306e\u6cd5\u7684\u901a\u77e5\u306f\u3001\u30d5\u30e9\u30f3\u30b9\u306e\u6cd5\u5f8b\u306b\u6e96\u62e0\u3057\u3066\u304a\u308a\u3001\u6cd5\u4ee4\u306e\u898f\u5b9a\u306b\u53cd\u3059\u308b\u304c\u3001Besan\u00e7on\uff0825\uff09\u30d5\u30e9\u30f3\u30b9\u306e\u5546\u696d\u88c1\u5224\u6240\u306e\u5c02\u5c5e\u7ba1\u8f44\u6a29\u306b\u5f93\u3044\u307e\u3059\u3002<\/p>\n<p><strong>\u30d5\u30a9\u30c8\u30af\u30ec\u30b8\u30c3\u30c8\uff1a<\/strong><\/p>\n<p>DELFINGEN Industry S.A.<br \/>\nElitimage (Dijon)<br \/>\nBarral Baron (Rixheim) photography studio<br \/>\nFotolia.com<br \/>\nEROLF Productions<br \/>\nXDF version<\/p>\n","protected":false},"excerpt":{"rendered":"<p>\u30a6\u30a7\u30d6\u30b5\u30a4\u30c8\u904b\u55b6\u8005\uff1a The site\u00a0delfingen.com is published by: DELFINGEN Industry S.A. A Soci\u00e9t\u00e9 Anonyme with Board of Dir [&hellip;]<\/p>\n","protected":false},"author":2,"featured_media":7608,"parent":0,"menu_order":165,"comment_status":"closed","ping_status":"closed","template":"","meta":{"_acf_changed":false,"footnotes":""},"categorie-page":[],"class_list":["post-7607","page","type-page","status-publish","has-post-thumbnail","hentry"],"acf":[],"yoast_head":"<!-- This site is optimized with the Yoast SEO plugin v27.2 - https:\/\/yoast.com\/product\/yoast-seo-wordpress\/ -->\n<title>\u6cd5\u7684\u901a\u77e5 | DELFINGEN<\/title>\n<meta name=\"robots\" content=\"index, follow, max-snippet:-1, max-image-preview:large, max-video-preview:-1\" \/>\n<link rel=\"canonical\" href=\"https:\/\/delfingen.com\/ja\/\u6cd5\u7684\u901a\u77e5\/\" \/>\n<meta property=\"og:locale\" content=\"ja_JP\" \/>\n<meta property=\"og:type\" content=\"article\" \/>\n<meta property=\"og:title\" content=\"\u6cd5\u7684\u901a\u77e5 | DELFINGEN\" \/>\n<meta property=\"og:description\" content=\"\u30a6\u30a7\u30d6\u30b5\u30a4\u30c8\u904b\u55b6\u8005\uff1a The site\u00a0delfingen.com is published by: DELFINGEN Industry S.A. A Soci\u00e9t\u00e9 Anonyme with Board of Dir [&hellip;]\" \/>\n<meta property=\"og:url\" content=\"https:\/\/delfingen.com\/ja\/\u6cd5\u7684\u901a\u77e5\/\" \/>\n<meta property=\"og:site_name\" content=\"DELFINGEN\" \/>\n<meta property=\"article:modified_time\" content=\"2023-05-24T14:04:42+00:00\" \/>\n<meta property=\"og:image\" content=\"https:\/\/delfingen.com\/medias\/2017\/11\/degrade-bleu-actualites.jpg\" \/>\n\t<meta property=\"og:image:width\" content=\"1903\" \/>\n\t<meta property=\"og:image:height\" content=\"450\" \/>\n\t<meta property=\"og:image:type\" content=\"image\/jpeg\" \/>\n<meta name=\"twitter:card\" content=\"summary_large_image\" \/>\n<meta name=\"twitter:label1\" content=\"\u63a8\u5b9a\u8aad\u307f\u53d6\u308a\u6642\u9593\" \/>\n\t<meta name=\"twitter:data1\" content=\"1\u5206\" \/>\n<script type=\"application\/ld+json\" class=\"yoast-schema-graph\">{\"@context\":\"https:\/\/schema.org\",\"@graph\":[{\"@type\":\"WebPage\",\"@id\":\"https:\/\/delfingen.com\/ja\/%e6%b3%95%e7%9a%84%e9%80%9a%e7%9f%a5\/\",\"url\":\"https:\/\/delfingen.com\/ja\/%e6%b3%95%e7%9a%84%e9%80%9a%e7%9f%a5\/\",\"name\":\"\u6cd5\u7684\u901a\u77e5 | DELFINGEN\",\"isPartOf\":{\"@id\":\"https:\/\/delfingen.com\/en\/#website\"},\"primaryImageOfPage\":{\"@id\":\"https:\/\/delfingen.com\/ja\/%e6%b3%95%e7%9a%84%e9%80%9a%e7%9f%a5\/#primaryimage\"},\"image\":{\"@id\":\"https:\/\/delfingen.com\/ja\/%e6%b3%95%e7%9a%84%e9%80%9a%e7%9f%a5\/#primaryimage\"},\"thumbnailUrl\":\"https:\/\/delfingen.com\/medias\/2017\/11\/degrade-bleu-actualites.jpg\",\"datePublished\":\"2017-09-06T13:10:21+00:00\",\"dateModified\":\"2023-05-24T14:04:42+00:00\",\"inLanguage\":\"ja\",\"potentialAction\":[{\"@type\":\"ReadAction\",\"target\":[\"https:\/\/delfingen.com\/ja\/%e6%b3%95%e7%9a%84%e9%80%9a%e7%9f%a5\/\"]}]},{\"@type\":\"ImageObject\",\"inLanguage\":\"ja\",\"@id\":\"https:\/\/delfingen.com\/ja\/%e6%b3%95%e7%9a%84%e9%80%9a%e7%9f%a5\/#primaryimage\",\"url\":\"https:\/\/delfingen.com\/medias\/2017\/11\/degrade-bleu-actualites.jpg\",\"contentUrl\":\"https:\/\/delfingen.com\/medias\/2017\/11\/degrade-bleu-actualites.jpg\",\"width\":1903,\"height\":450},{\"@type\":\"WebSite\",\"@id\":\"https:\/\/delfingen.com\/en\/#website\",\"url\":\"https:\/\/delfingen.com\/en\/\",\"name\":\"DELFINGEN\",\"description\":\"\u00c9quipementier automobile mondial\",\"potentialAction\":[{\"@type\":\"SearchAction\",\"target\":{\"@type\":\"EntryPoint\",\"urlTemplate\":\"https:\/\/delfingen.com\/en\/?s={search_term_string}\"},\"query-input\":{\"@type\":\"PropertyValueSpecification\",\"valueRequired\":true,\"valueName\":\"search_term_string\"}}],\"inLanguage\":\"ja\"}]}<\/script>\n<!-- \/ Yoast SEO plugin. -->","yoast_head_json":{"title":"\u6cd5\u7684\u901a\u77e5 | DELFINGEN","robots":{"index":"index","follow":"follow","max-snippet":"max-snippet:-1","max-image-preview":"max-image-preview:large","max-video-preview":"max-video-preview:-1"},"canonical":"https:\/\/delfingen.com\/ja\/\u6cd5\u7684\u901a\u77e5\/","og_locale":"ja_JP","og_type":"article","og_title":"\u6cd5\u7684\u901a\u77e5 | DELFINGEN","og_description":"\u30a6\u30a7\u30d6\u30b5\u30a4\u30c8\u904b\u55b6\u8005\uff1a The site\u00a0delfingen.com is published by: DELFINGEN Industry S.A. A Soci\u00e9t\u00e9 Anonyme with Board of Dir [&hellip;]","og_url":"https:\/\/delfingen.com\/ja\/\u6cd5\u7684\u901a\u77e5\/","og_site_name":"DELFINGEN","article_modified_time":"2023-05-24T14:04:42+00:00","og_image":[{"width":1903,"height":450,"url":"https:\/\/delfingen.com\/medias\/2017\/11\/degrade-bleu-actualites.jpg","type":"image\/jpeg"}],"twitter_card":"summary_large_image","twitter_misc":{"\u63a8\u5b9a\u8aad\u307f\u53d6\u308a\u6642\u9593":"1\u5206"},"schema":{"@context":"https:\/\/schema.org","@graph":[{"@type":"WebPage","@id":"https:\/\/delfingen.com\/ja\/%e6%b3%95%e7%9a%84%e9%80%9a%e7%9f%a5\/","url":"https:\/\/delfingen.com\/ja\/%e6%b3%95%e7%9a%84%e9%80%9a%e7%9f%a5\/","name":"\u6cd5\u7684\u901a\u77e5 | DELFINGEN","isPartOf":{"@id":"https:\/\/delfingen.com\/en\/#website"},"primaryImageOfPage":{"@id":"https:\/\/delfingen.com\/ja\/%e6%b3%95%e7%9a%84%e9%80%9a%e7%9f%a5\/#primaryimage"},"image":{"@id":"https:\/\/delfingen.com\/ja\/%e6%b3%95%e7%9a%84%e9%80%9a%e7%9f%a5\/#primaryimage"},"thumbnailUrl":"https:\/\/delfingen.com\/medias\/2017\/11\/degrade-bleu-actualites.jpg","datePublished":"2017-09-06T13:10:21+00:00","dateModified":"2023-05-24T14:04:42+00:00","inLanguage":"ja","potentialAction":[{"@type":"ReadAction","target":["https:\/\/delfingen.com\/ja\/%e6%b3%95%e7%9a%84%e9%80%9a%e7%9f%a5\/"]}]},{"@type":"ImageObject","inLanguage":"ja","@id":"https:\/\/delfingen.com\/ja\/%e6%b3%95%e7%9a%84%e9%80%9a%e7%9f%a5\/#primaryimage","url":"https:\/\/delfingen.com\/medias\/2017\/11\/degrade-bleu-actualites.jpg","contentUrl":"https:\/\/delfingen.com\/medias\/2017\/11\/degrade-bleu-actualites.jpg","width":1903,"height":450},{"@type":"WebSite","@id":"https:\/\/delfingen.com\/en\/#website","url":"https:\/\/delfingen.com\/en\/","name":"DELFINGEN","description":"\u00c9quipementier automobile mondial","potentialAction":[{"@type":"SearchAction","target":{"@type":"EntryPoint","urlTemplate":"https:\/\/delfingen.com\/en\/?s={search_term_string}"},"query-input":{"@type":"PropertyValueSpecification","valueRequired":true,"valueName":"search_term_string"}}],"inLanguage":"ja"}]}},"_links":{"self":[{"href":"https:\/\/delfingen.com\/ja\/wp-json\/wp\/v2\/pages\/7607","targetHints":{"allow":["GET"]}}],"collection":[{"href":"https:\/\/delfingen.com\/ja\/wp-json\/wp\/v2\/pages"}],"about":[{"href":"https:\/\/delfingen.com\/ja\/wp-json\/wp\/v2\/types\/page"}],"author":[{"embeddable":true,"href":"https:\/\/delfingen.com\/ja\/wp-json\/wp\/v2\/users\/2"}],"replies":[{"embeddable":true,"href":"https:\/\/delfingen.com\/ja\/wp-json\/wp\/v2\/comments?post=7607"}],"version-history":[{"count":8,"href":"https:\/\/delfingen.com\/ja\/wp-json\/wp\/v2\/pages\/7607\/revisions"}],"predecessor-version":[{"id":21689,"href":"https:\/\/delfingen.com\/ja\/wp-json\/wp\/v2\/pages\/7607\/revisions\/21689"}],"wp:featuredmedia":[{"embeddable":true,"href":"https:\/\/delfingen.com\/ja\/wp-json\/wp\/v2\/media\/7608"}],"wp:attachment":[{"href":"https:\/\/delfingen.com\/ja\/wp-json\/wp\/v2\/media?parent=7607"}],"wp:term":[{"taxonomy":"categorie-page","embeddable":true,"href":"https:\/\/delfingen.com\/ja\/wp-json\/wp\/v2\/categorie-page?post=7607"}],"curies":[{"name":"wp","href":"https:\/\/api.w.org\/{rel}","templated":true}]}}